{"id":98,"date":"2023-07-22T05:29:21","date_gmt":"2023-07-22T05:29:21","guid":{"rendered":"https:\/\/www.sinothermo.com\/?post_type=product&#038;p=98"},"modified":"2026-03-18T15:12:59","modified_gmt":"2026-03-18T07:12:59","slug":"belt-dryer","status":"publish","type":"product","link":"https:\/\/www.sinothermo.com\/es\/products\/belt-dryer\/","title":{"rendered":"Secador de cinta DW"},"content":{"rendered":"\t\t<div data-elementor-type=\"product-post\" data-elementor-id=\"98\" class=\"elementor elementor-98\" data-elementor-post-type=\"product\">\n\t\t\t\t<div class=\"elementor-element elementor-element-2d644f6 elementor-hidden-tablet elementor-hidden-mobile e-flex e-con-boxed elementor-invisible e-con e-parent\" data-id=\"2d644f6\" data-element_type=\"container\" data-e-type=\"container\" data-settings=\"{&quot;background_background&quot;:&quot;classic&quot;,&quot;sticky&quot;:&quot;top&quot;,&quot;sticky_offset&quot;:85,&quot;animation&quot;:&quot;fadeInDown&quot;,&quot;sticky_on&quot;:[&quot;desktop&quot;,&quot;laptop&quot;,&quot;tablet&quot;,&quot;mobile&quot;],&quot;sticky_effects_offset&quot;:0,&quot;sticky_anchor_link_offset&quot;:0}\">\n\t\t\t\t\t<div class=\"e-con-inner\">\n\t\t\t\t<div class=\"elementor-element elementor-element-37afd4e elementor-icon-list--layout-inline elementor-list-item-link-full_width elementor-widget elementor-widget-icon-list\" data-id=\"37afd4e\" data-element_type=\"widget\" data-e-type=\"widget\" data-widget_type=\"icon-list.default\">\n\t\t\t\t\t\t\t<ul class=\"elementor-icon-list-items elementor-inline-items\">\n\t\t\t\t\t\t\t<li class=\"elementor-icon-list-item elementor-inline-item\">\n\t\t\t\t\t\t\t\t\t\t\t<a href=\"#A\">\n\n\t\t\t\t\t\t\t\t\t\t\t<span class=\"elementor-icon-list-text\">Key Features<\/span>\n\t\t\t\t\t\t\t\t\t\t\t<\/a>\n\t\t\t\t\t\t\t\t\t<\/li>\n\t\t\t\t\t\t\t\t<li class=\"elementor-icon-list-item elementor-inline-item\">\n\t\t\t\t\t\t\t\t\t\t\t<a href=\"#C\">\n\n\t\t\t\t\t\t\t\t\t\t\t<span class=\"elementor-icon-list-text\">Applications<\/span>\n\t\t\t\t\t\t\t\t\t\t\t<\/a>\n\t\t\t\t\t\t\t\t\t<\/li>\n\t\t\t\t\t\t\t\t<li class=\"elementor-icon-list-item elementor-inline-item\">\n\t\t\t\t\t\t\t\t\t\t\t<a href=\"#D\">\n\n\t\t\t\t\t\t\t\t\t\t\t<span class=\"elementor-icon-list-text\">Services<\/span>\n\t\t\t\t\t\t\t\t\t\t\t<\/a>\n\t\t\t\t\t\t\t\t\t<\/li>\n\t\t\t\t\t\t\t\t<li class=\"elementor-icon-list-item elementor-inline-item\">\n\t\t\t\t\t\t\t\t\t\t\t<a href=\"#E\">\n\n\t\t\t\t\t\t\t\t\t\t\t<span class=\"elementor-icon-list-text\">Related Products<\/span>\n\t\t\t\t\t\t\t\t\t\t\t<\/a>\n\t\t\t\t\t\t\t\t\t<\/li>\n\t\t\t\t\t\t<\/ul>\n\t\t\t\t\t\t<\/div>\n\t\t\t\t\t<\/div>\n\t\t\t\t<\/div>\n\t\t<div class=\"elementor-element elementor-element-b76b4e3 e-con-full A e-flex e-con e-child\" data-id=\"b76b4e3\" data-element_type=\"container\" data-e-type=\"container\" id=\"A\">\n\t\t<div class=\"elementor-element elementor-element-190ab23 e-con-full e-flex e-con e-child\" data-id=\"190ab23\" data-element_type=\"container\" data-e-type=\"container\">\n\t\t\t\t<div class=\"elementor-element elementor-element-448371b elementor-widget elementor-widget-heading\" data-id=\"448371b\" data-element_type=\"widget\" data-e-type=\"widget\" data-widget_type=\"heading.default\">\n\t\t\t\t\t<h2 class=\"elementor-heading-title elementor-size-default\">Energy-Efficient Belt Dryer \uff1aAdvanced Drying Solution\u00a0<\/h2>\t\t\t\t<\/div>\n\t\t\t\t<div class=\"elementor-element elementor-element-e160558 elementor-widget elementor-widget-text-editor\" data-id=\"e160558\" data-element_type=\"widget\" data-e-type=\"widget\" data-widget_type=\"text-editor.default\">\n\t\t\t\t\t\t\t\t\t<p>The Belt Dryer is a drying solution that stands out for its multilayer drying technology, which saves energy and ensures uniform drying. It is versatile and suitable, for materials enhancing both drying efficiency and space utilization with its multilayer design. Through control of temperature and speed it consistently produces high quality products while significantly reducing energy consumption.<\/p>\t\t\t\t\t\t\t\t<\/div>\n\t\t\t\t<div class=\"elementor-element elementor-element-a7a077e elementor-icon-list--layout-traditional elementor-list-item-link-full_width elementor-widget elementor-widget-icon-list\" data-id=\"a7a077e\" data-element_type=\"widget\" data-e-type=\"widget\" data-widget_type=\"icon-list.default\">\n\t\t\t\t\t\t\t<ul class=\"elementor-icon-list-items\">\n\t\t\t\t\t\t\t<li class=\"elementor-icon-list-item\">\n\t\t\t\t\t\t\t\t\t\t<span class=\"elementor-icon-list-text\">Belt Dryer utilizes efficient multilayer drying for energy savings.<\/span>\n\t\t\t\t\t\t\t\t\t<\/li>\n\t\t\t\t\t\t\t\t<li class=\"elementor-icon-list-item\">\n\t\t\t\t\t\t\t\t\t\t<span class=\"elementor-icon-list-text\">Uniform drying by Belt Cooler guarantees product quality.<\/span>\n\t\t\t\t\t\t\t\t\t<\/li>\n\t\t\t\t\t\t\t\t<li class=\"elementor-icon-list-item\">\n\t\t\t\t\t\t\t\t\t\t<span class=\"elementor-icon-list-text\">The dryer ensures consistent results across items.<\/span>\n\t\t\t\t\t\t\t\t\t<\/li>\n\t\t\t\t\t\t\t\t<li class=\"elementor-icon-list-item\">\n\t\t\t\t\t\t\t\t\t\t<span class=\"elementor-icon-list-text\">Significantly reduces energy, promoting eco-friendly operation.<\/span>\n\t\t\t\t\t\t\t\t\t<\/li>\n\t\t\t\t\t\t\t\t<li class=\"elementor-icon-list-item\">\n\t\t\t\t\t\t\t\t\t\t<span class=\"elementor-icon-list-text\">Precise control over temperature and speed.<\/span>\n\t\t\t\t\t\t\t\t\t<\/li>\n\t\t\t\t\t\t<\/ul>\n\t\t\t\t\t\t<\/div>\n\t\t\t\t<\/div>\n\t\t<div class=\"elementor-element elementor-element-c911bbf e-con-full e-flex e-con e-child\" data-id=\"c911bbf\" data-element_type=\"container\" data-e-type=\"container\">\n\t\t\t\t<div class=\"elementor-element elementor-element-2559da0 elementor-widget elementor-widget-image\" data-id=\"2559da0\" data-element_type=\"widget\" data-e-type=\"widget\" data-widget_type=\"image.default\">\n\t\t\t\t\t\t\t\t\t\t\t\t\t\t\t<img fetchpriority=\"high\" decoding=\"async\" width=\"1024\" height=\"768\" src=\"https:\/\/www.sinothermo.com\/wp-content\/uploads\/2025\/12\/SINOTHERMO-Belt-Dryers-Efficient-and-Reliable-Drying-Solutions-for-Diverse-Industrial-Appl-1024x768.webp\" class=\"attachment-large size-large wp-image-13395\" alt=\"Industrial Belt Dryer\" srcset=\"https:\/\/www.sinothermo.com\/wp-content\/uploads\/2025\/12\/SINOTHERMO-Belt-Dryers-Efficient-and-Reliable-Drying-Solutions-for-Diverse-Industrial-Appl-1024x768.webp 1024w, https:\/\/www.sinothermo.com\/wp-content\/uploads\/2025\/12\/SINOTHERMO-Belt-Dryers-Efficient-and-Reliable-Drying-Solutions-for-Diverse-Industrial-Appl-300x225.webp 300w, https:\/\/www.sinothermo.com\/wp-content\/uploads\/2025\/12\/SINOTHERMO-Belt-Dryers-Efficient-and-Reliable-Drying-Solutions-for-Diverse-Industrial-Appl-768x576.webp 768w, https:\/\/www.sinothermo.com\/wp-content\/uploads\/2025\/12\/SINOTHERMO-Belt-Dryers-Efficient-and-Reliable-Drying-Solutions-for-Diverse-Industrial-Appl-1536x1152.webp 1536w, https:\/\/www.sinothermo.com\/wp-content\/uploads\/2025\/12\/SINOTHERMO-Belt-Dryers-Efficient-and-Reliable-Drying-Solutions-for-Diverse-Industrial-Appl-2048x1536.webp 2048w, https:\/\/www.sinothermo.com\/wp-content\/uploads\/2025\/12\/SINOTHERMO-Belt-Dryers-Efficient-and-Reliable-Drying-Solutions-for-Diverse-Industrial-Appl-16x12.webp 16w, https:\/\/www.sinothermo.com\/wp-content\/uploads\/2025\/12\/SINOTHERMO-Belt-Dryers-Efficient-and-Reliable-Drying-Solutions-for-Diverse-Industrial-Appl-500x375.webp 500w, https:\/\/www.sinothermo.com\/wp-content\/uploads\/2025\/12\/SINOTHERMO-Belt-Dryers-Efficient-and-Reliable-Drying-Solutions-for-Diverse-Industrial-Appl-800x600.webp 800w, https:\/\/www.sinothermo.com\/wp-content\/uploads\/2025\/12\/SINOTHERMO-Belt-Dryers-Efficient-and-Reliable-Drying-Solutions-for-Diverse-Industrial-Appl-1280x960.webp 1280w, https:\/\/www.sinothermo.com\/wp-content\/uploads\/2025\/12\/SINOTHERMO-Belt-Dryers-Efficient-and-Reliable-Drying-Solutions-for-Diverse-Industrial-Appl-1920x1440.webp 1920w, https:\/\/www.sinothermo.com\/wp-content\/uploads\/2025\/12\/SINOTHERMO-Belt-Dryers-Efficient-and-Reliable-Drying-Solutions-for-Diverse-Industrial-Appl-600x450.webp 600w\" sizes=\"(max-width: 1024px) 100vw, 1024px\" \/>\t\t\t\t\t\t\t\t\t\t\t\t\t\t\t<\/div>\n\t\t\t\t<\/div>\n\t\t\t\t<\/div>\n\t\t<div class=\"elementor-element elementor-element-1063ac8 e-con-full C e-flex e-con e-child\" data-id=\"1063ac8\" data-element_type=\"container\" data-e-type=\"container\" id=\"C\">\n\t\t\t\t<div class=\"elementor-element elementor-element-0a6ceec elementor-widget elementor-widget-heading\" data-id=\"0a6ceec\" data-element_type=\"widget\" data-e-type=\"widget\" data-widget_type=\"heading.default\">\n\t\t\t\t\t<h2 class=\"elementor-heading-title elementor-size-default\">Applications\n<\/h2>\t\t\t\t<\/div>\n\t\t\t\t<div class=\"elementor-element elementor-element-2f68437 elementor-pagination-type-bullets elementor-arrows-position-inside elementor-pagination-position-outside elementor-widget elementor-widget-n-carousel\" data-id=\"2f68437\" data-element_type=\"widget\" data-e-type=\"widget\" data-settings=\"{&quot;carousel_items&quot;:[{&quot;slide_title&quot;:&quot;Slide #1&quot;,&quot;_id&quot;:&quot;42f826d&quot;},{&quot;slide_title&quot;:&quot;Slide #2&quot;,&quot;_id&quot;:&quot;022f8f2&quot;},{&quot;slide_title&quot;:&quot;Slide #3&quot;,&quot;_id&quot;:&quot;9a209e3&quot;},{&quot;slide_title&quot;:&quot;Slide #4&quot;,&quot;_id&quot;:&quot;978beda&quot;},{&quot;slide_title&quot;:&quot;Slide #5&quot;,&quot;_id&quot;:&quot;74928db&quot;}],&quot;slides_to_show&quot;:&quot;4&quot;,&quot;slides_to_scroll&quot;:&quot;1&quot;,&quot;autoplay_speed&quot;:4000,&quot;image_spacing_custom&quot;:{&quot;unit&quot;:&quot;px&quot;,&quot;size&quot;:0,&quot;sizes&quot;:[]},&quot;slides_to_show_laptop&quot;:&quot;3&quot;,&quot;slides_to_scroll_laptop&quot;:&quot;1&quot;,&quot;slides_to_show_tablet&quot;:&quot;2&quot;,&quot;slides_to_show_mobile&quot;:&quot;1&quot;,&quot;autoplay&quot;:&quot;yes&quot;,&quot;pause_on_hover&quot;:&quot;yes&quot;,&quot;pause_on_interaction&quot;:&quot;yes&quot;,&quot;infinite&quot;:&quot;yes&quot;,&quot;speed&quot;:500,&quot;offset_sides&quot;:&quot;none&quot;,&quot;arrows&quot;:&quot;yes&quot;,&quot;pagination&quot;:&quot;bullets&quot;,&quot;image_spacing_custom_laptop&quot;:{&quot;unit&quot;:&quot;px&quot;,&quot;size&quot;:&quot;&quot;,&quot;sizes&quot;:[]},&quot;image_spacing_custom_tablet&quot;:{&quot;unit&quot;:&quot;px&quot;,&quot;size&quot;:&quot;&quot;,&quot;sizes&quot;:[]},&quot;image_spacing_custom_mobile&quot;:{&quot;unit&quot;:&quot;px&quot;,&quot;size&quot;:&quot;&quot;,&quot;sizes&quot;:[]}}\" data-widget_type=\"nested-carousel.default\">\n\t\t\t\t\t\t\t<div class=\"e-n-carousel swiper\" role=\"region\" aria-roledescription=\"carousel\" aria-label=\"Carousel\" dir=\"ltr\">\n\t\t\t<div class=\"swiper-wrapper\" aria-live=\"off\">\n\t\t\t\t\t\t\t\t\t\t<div class=\"swiper-slide\" data-slide=\"1\" role=\"group\" aria-roledescription=\"slide\" aria-label=\"1 of 5\">\n\t\t\t\t\t\t\t<div class=\"elementor-element elementor-element-7c51c68 e-flex e-con-boxed e-con e-child\" data-id=\"7c51c68\" data-element_type=\"container\" data-e-type=\"container\">\n\t\t\t\t\t<div class=\"e-con-inner\">\n\t\t\t\t<div class=\"elementor-element elementor-element-8ddc137 elementor-widget elementor-widget-image\" data-id=\"8ddc137\" data-element_type=\"widget\" data-e-type=\"widget\" data-widget_type=\"image.default\">\n\t\t\t\t\t\t\t\t\t\t\t\t\t\t\t<img decoding=\"async\" width=\"400\" height=\"300\" src=\"https:\/\/www.sinothermo.com\/wp-content\/uploads\/2024\/06\/Pharmaceutical.webp\" class=\"attachment-full size-full wp-image-13497\" alt=\"\" srcset=\"https:\/\/www.sinothermo.com\/wp-content\/uploads\/2024\/06\/Pharmaceutical.webp 400w, https:\/\/www.sinothermo.com\/wp-content\/uploads\/2024\/06\/Pharmaceutical-300x225.webp 300w, https:\/\/www.sinothermo.com\/wp-content\/uploads\/2024\/06\/Pharmaceutical-16x12.webp 16w\" sizes=\"(max-width: 400px) 100vw, 400px\" \/>\t\t\t\t\t\t\t\t\t\t\t\t\t\t\t<\/div>\n\t\t\t\t<div class=\"elementor-element elementor-element-e35e804 elementor-widget elementor-widget-heading\" data-id=\"e35e804\" data-element_type=\"widget\" data-e-type=\"widget\" data-widget_type=\"heading.default\">\n\t\t\t\t\t<h2 class=\"elementor-heading-title elementor-size-default\">Pharmaceutical<\/h2>\t\t\t\t<\/div>\n\t\t\t\t<div class=\"elementor-element elementor-element-bd4695d elementor-widget elementor-widget-text-editor\" data-id=\"bd4695d\" data-element_type=\"widget\" data-e-type=\"widget\" data-widget_type=\"text-editor.default\">\n\t\t\t\t\t\t\t\t\t<p>Ideal for ingredients ensuring drug quality and stability.<\/p>\t\t\t\t\t\t\t\t<\/div>\n\t\t\t\t\t<\/div>\n\t\t\t\t<\/div>\n\t\t\t\t\t\t\t\t<\/div>\n\t\t\t\t\t\t\t\t\t\t\t<div class=\"swiper-slide\" data-slide=\"2\" role=\"group\" aria-roledescription=\"slide\" aria-label=\"2 of 5\">\n\t\t\t\t\t\t\t<div class=\"elementor-element elementor-element-6e4e6fd e-flex e-con-boxed e-con e-child\" data-id=\"6e4e6fd\" data-element_type=\"container\" data-e-type=\"container\">\n\t\t\t\t\t<div class=\"e-con-inner\">\n\t\t\t\t<div class=\"elementor-element elementor-element-f3fce3b elementor-widget elementor-widget-image\" data-id=\"f3fce3b\" data-element_type=\"widget\" data-e-type=\"widget\" data-widget_type=\"image.default\">\n\t\t\t\t\t\t\t\t\t\t\t\t\t\t\t<img decoding=\"async\" width=\"400\" height=\"300\" src=\"https:\/\/www.sinothermo.com\/wp-content\/uploads\/2024\/06\/Flavors-Fragrances.webp\" class=\"attachment-full size-full wp-image-13506\" alt=\"\" srcset=\"https:\/\/www.sinothermo.com\/wp-content\/uploads\/2024\/06\/Flavors-Fragrances.webp 400w, https:\/\/www.sinothermo.com\/wp-content\/uploads\/2024\/06\/Flavors-Fragrances-300x225.webp 300w, https:\/\/www.sinothermo.com\/wp-content\/uploads\/2024\/06\/Flavors-Fragrances-16x12.webp 16w\" sizes=\"(max-width: 400px) 100vw, 400px\" \/>\t\t\t\t\t\t\t\t\t\t\t\t\t\t\t<\/div>\n\t\t\t\t<div class=\"elementor-element elementor-element-5ed8607 elementor-widget elementor-widget-heading\" data-id=\"5ed8607\" data-element_type=\"widget\" data-e-type=\"widget\" data-widget_type=\"heading.default\">\n\t\t\t\t\t<h2 class=\"elementor-heading-title elementor-size-default\">Food <\/h2>\t\t\t\t<\/div>\n\t\t\t\t<div class=\"elementor-element elementor-element-ddf58f1 elementor-widget elementor-widget-text-editor\" data-id=\"ddf58f1\" data-element_type=\"widget\" data-e-type=\"widget\" data-widget_type=\"text-editor.default\">\n\t\t\t\t\t\t\t\t\t<p>Suitable for drying food materials like fruits, vegetables and herbs to preserve their value and taste.<\/p>\t\t\t\t\t\t\t\t<\/div>\n\t\t\t\t\t<\/div>\n\t\t\t\t<\/div>\n\t\t\t\t\t\t\t\t<\/div>\n\t\t\t\t\t\t\t\t\t\t\t<div class=\"swiper-slide\" data-slide=\"3\" role=\"group\" aria-roledescription=\"slide\" aria-label=\"3 of 5\">\n\t\t\t\t\t\t\t<div class=\"elementor-element elementor-element-e4429ab e-flex e-con-boxed e-con e-child\" data-id=\"e4429ab\" data-element_type=\"container\" data-e-type=\"container\">\n\t\t\t\t\t<div class=\"e-con-inner\">\n\t\t\t\t<div class=\"elementor-element elementor-element-3ef5cc7 elementor-widget elementor-widget-image\" data-id=\"3ef5cc7\" data-element_type=\"widget\" data-e-type=\"widget\" data-widget_type=\"image.default\">\n\t\t\t\t\t\t\t\t\t\t\t\t\t\t\t<img loading=\"lazy\" decoding=\"async\" width=\"400\" height=\"300\" src=\"https:\/\/www.sinothermo.com\/wp-content\/uploads\/2025\/12\/wood.webp\" class=\"attachment-full size-full wp-image-13508\" alt=\"\" srcset=\"https:\/\/www.sinothermo.com\/wp-content\/uploads\/2025\/12\/wood.webp 400w, https:\/\/www.sinothermo.com\/wp-content\/uploads\/2025\/12\/wood-300x225.webp 300w, https:\/\/www.sinothermo.com\/wp-content\/uploads\/2025\/12\/wood-16x12.webp 16w\" sizes=\"(max-width: 400px) 100vw, 400px\" \/>\t\t\t\t\t\t\t\t\t\t\t\t\t\t\t<\/div>\n\t\t\t\t<div class=\"elementor-element elementor-element-62e7dfe elementor-widget elementor-widget-heading\" data-id=\"62e7dfe\" data-element_type=\"widget\" data-e-type=\"widget\" data-widget_type=\"heading.default\">\n\t\t\t\t\t<h2 class=\"elementor-heading-title elementor-size-default\">Wood<\/h2>\t\t\t\t<\/div>\n\t\t\t\t<div class=\"elementor-element elementor-element-077066a elementor-widget elementor-widget-text-editor\" data-id=\"077066a\" data-element_type=\"widget\" data-e-type=\"widget\" data-widget_type=\"text-editor.default\">\n\t\t\t\t\t\t\t\t\t<p>The Continuous Belt Dryer is used in wood processing to quickly dry wood, lower moisture content and enhance wood quality.<\/p>\t\t\t\t\t\t\t\t<\/div>\n\t\t\t\t\t<\/div>\n\t\t\t\t<\/div>\n\t\t\t\t\t\t\t\t<\/div>\n\t\t\t\t\t\t\t\t\t\t\t<div class=\"swiper-slide\" data-slide=\"4\" role=\"group\" aria-roledescription=\"slide\" aria-label=\"4 of 5\">\n\t\t\t\t\t\t\t<div class=\"elementor-element elementor-element-f6d5251 e-flex e-con-boxed e-con e-child\" data-id=\"f6d5251\" data-element_type=\"container\" data-e-type=\"container\">\n\t\t\t\t\t<div class=\"e-con-inner\">\n\t\t\t\t<div class=\"elementor-element elementor-element-5375293 elementor-widget elementor-widget-image\" data-id=\"5375293\" data-element_type=\"widget\" data-e-type=\"widget\" data-widget_type=\"image.default\">\n\t\t\t\t\t\t\t\t\t\t\t\t\t\t\t<img loading=\"lazy\" decoding=\"async\" width=\"400\" height=\"300\" src=\"https:\/\/www.sinothermo.com\/wp-content\/uploads\/2024\/06\/texties.webp\" class=\"attachment-full size-full wp-image-13519\" alt=\"textiles\" srcset=\"https:\/\/www.sinothermo.com\/wp-content\/uploads\/2024\/06\/texties.webp 400w, https:\/\/www.sinothermo.com\/wp-content\/uploads\/2024\/06\/texties-300x225.webp 300w, https:\/\/www.sinothermo.com\/wp-content\/uploads\/2024\/06\/texties-16x12.webp 16w\" sizes=\"(max-width: 400px) 100vw, 400px\" \/>\t\t\t\t\t\t\t\t\t\t\t\t\t\t\t<\/div>\n\t\t\t\t<div class=\"elementor-element elementor-element-9028f98 elementor-widget elementor-widget-heading\" data-id=\"9028f98\" data-element_type=\"widget\" data-e-type=\"widget\" data-widget_type=\"heading.default\">\n\t\t\t\t\t<h2 class=\"elementor-heading-title elementor-size-default\">Textiles<\/h2>\t\t\t\t<\/div>\n\t\t\t\t<div class=\"elementor-element elementor-element-e9c7176 elementor-widget elementor-widget-text-editor\" data-id=\"e9c7176\" data-element_type=\"widget\" data-e-type=\"widget\" data-widget_type=\"text-editor.default\">\n\t\t\t\t\t\t\t\t\t<p>Suitable, for drying textiles and non woven fabrics to preserve fiber quality and color.<\/p>\t\t\t\t\t\t\t\t<\/div>\n\t\t\t\t\t<\/div>\n\t\t\t\t<\/div>\n\t\t\t\t\t\t\t\t<\/div>\n\t\t\t\t\t\t\t\t\t\t\t<div class=\"swiper-slide\" data-slide=\"5\" role=\"group\" aria-roledescription=\"slide\" aria-label=\"5 of 5\">\n\t\t\t\t\t\t\t<div class=\"elementor-element elementor-element-b84aa73 e-flex e-con-boxed e-con e-child\" data-id=\"b84aa73\" data-element_type=\"container\" data-e-type=\"container\">\n\t\t\t\t\t<div class=\"e-con-inner\">\n\t\t\t\t<div class=\"elementor-element elementor-element-4098131 elementor-widget elementor-widget-image\" data-id=\"4098131\" data-element_type=\"widget\" data-e-type=\"widget\" data-widget_type=\"image.default\">\n\t\t\t\t\t\t\t\t\t\t\t\t\t\t\t<img loading=\"lazy\" decoding=\"async\" width=\"400\" height=\"300\" src=\"https:\/\/www.sinothermo.com\/wp-content\/uploads\/2024\/06\/Agriculture-1.webp\" class=\"attachment-full size-full wp-image-13500\" alt=\"\" srcset=\"https:\/\/www.sinothermo.com\/wp-content\/uploads\/2024\/06\/Agriculture-1.webp 400w, https:\/\/www.sinothermo.com\/wp-content\/uploads\/2024\/06\/Agriculture-1-300x225.webp 300w, https:\/\/www.sinothermo.com\/wp-content\/uploads\/2024\/06\/Agriculture-1-16x12.webp 16w\" sizes=\"(max-width: 400px) 100vw, 400px\" \/>\t\t\t\t\t\t\t\t\t\t\t\t\t\t\t<\/div>\n\t\t\t\t<div class=\"elementor-element elementor-element-f67bbb2 elementor-widget elementor-widget-heading\" data-id=\"f67bbb2\" data-element_type=\"widget\" data-e-type=\"widget\" data-widget_type=\"heading.default\">\n\t\t\t\t\t<h2 class=\"elementor-heading-title elementor-size-default\">Agriculture\u00a0<\/h2>\t\t\t\t<\/div>\n\t\t\t\t<div class=\"elementor-element elementor-element-cbdf65c elementor-widget elementor-widget-text-editor\" data-id=\"cbdf65c\" data-element_type=\"widget\" data-e-type=\"widget\" data-widget_type=\"text-editor.default\">\n\t\t\t\t\t\t\t\t\t<p>Perfect for products such as seeds, grains and herbs to maintain their characteristics.<\/p>\t\t\t\t\t\t\t\t<\/div>\n\t\t\t\t\t<\/div>\n\t\t\t\t<\/div>\n\t\t\t\t\t\t\t\t<\/div>\n\t\t\t\t\t\t\t\t<\/div>\n\t\t<\/div>\n\t\t\t\t\t<div class=\"elementor-swiper-button elementor-swiper-button-prev\" role=\"button\" tabindex=\"0\" aria-label=\"Previous\">\n\t\t\t\t<svg aria-hidden=\"true\" class=\"e-font-icon-svg e-eicon-chevron-left\" viewBox=\"0 0 1000 1000\" xmlns=\"http:\/\/www.w3.org\/2000\/svg\"><path d=\"M646 125C629 125 613 133 604 142L308 442C296 454 292 471 292 487 292 504 296 521 308 533L604 854C617 867 629 875 646 875 663 875 679 871 692 858 704 846 713 829 713 812 713 796 708 779 692 767L438 487 692 225C700 217 708 204 708 187 708 171 704 154 692 142 675 129 663 125 646 125Z\"><\/path><\/svg>\t\t\t<\/div>\n\t\t\t<div class=\"elementor-swiper-button elementor-swiper-button-next\" role=\"button\" tabindex=\"0\" aria-label=\"Next\">\n\t\t\t\t<svg aria-hidden=\"true\" class=\"e-font-icon-svg e-eicon-chevron-right\" viewBox=\"0 0 1000 1000\" xmlns=\"http:\/\/www.w3.org\/2000\/svg\"><path d=\"M696 533C708 521 713 504 713 487 713 471 708 454 696 446L400 146C388 133 375 125 354 125 338 125 325 129 313 142 300 154 292 171 292 187 292 204 296 221 308 233L563 492 304 771C292 783 288 800 288 817 288 833 296 850 308 863 321 871 338 875 354 875 371 875 388 867 400 854L696 533Z\"><\/path><\/svg>\t\t\t<\/div>\n\t\t\t\t\t<div class=\"swiper-pagination\"><\/div>\n\t\t\t\t\t\t<\/div>\n\t\t\t\t<\/div>\n\t\t\t\t<\/div>\n\t\t","protected":false},"excerpt":{"rendered":"<p><strong>Secadora de convecci\u00f3n continua con cinta de malla:<\/strong><br \/>\nEste secador de cinta puede configurarse con una o varias capas de malla, lo que garantiza la dispersi\u00f3n de los materiales, para el secado al aire en una direcci\u00f3n determinada. Su velocidad puede ajustarse en funci\u00f3n de la temperatura y el contenido de humedad de los materiales, lo que le permite funcionar a temperaturas y procesar lotes grandes.<\/p>\n<p><strong>Entrada: <\/strong>S\u00f3lidos permeables en hojas, tiras, gr\u00e1nulos o bloques<\/p>\n<p><strong>Salida: <\/strong>S\u00f3lidos en hojas, tiras, gr\u00e1nulos o bloques con un contenido de humedad de 3%-8%<\/p>\n<p><strong>Temperatura: <\/strong>Temperatura del aire de entrada &lt;200\u00b0C<\/p>\n<p><strong>Caracter\u00edstica adicional: <\/strong>Refrigeraci\u00f3n<\/p>","protected":false},"featured_media":10399,"template":"","meta":{"site-sidebar-layout":"default","site-content-layout":"","ast-site-content-layout":"default","site-content-style":"default","site-sidebar-style":"default","ast-global-header-display":"","ast-banner-title-visibility":"","ast-main-header-display":"","ast-hfb-above-header-display":"","ast-hfb-below-header-display":"","ast-hfb-mobile-header-display":"","site-post-title":"","ast-breadcrumbs-content":"","ast-featured-img":"","footer-sml-layout":"","ast-disable-related-posts":"","theme-transparent-header-meta":"default","adv-header-id-meta":"","stick-header-meta":"","header-above-stick-meta":"","header-main-stick-meta":"","header-below-stick-meta":"","astra-migrate-meta-layouts":"set","ast-page-background-enabled":"default","ast-page-background-meta":{"desktop":{"background-color":"var(--ast-global-color-4)","background-image":"","background-repeat":"repeat","background-position":"center center","background-size":"auto","background-attachment":"scroll","background-type":"","background-media":"","overlay-type":"","overlay-color":"","overlay-opacity":"","overlay-gradient":""},"tablet":{"background-color":"","background-image":"","background-repeat":"repeat","background-position":"center center","background-size":"auto","background-attachment":"scroll","background-type":"","background-media":"","overlay-type":"","overlay-color":"","overlay-opacity":"","overlay-gradient":""},"mobile":{"background-color":"","background-image":"","background-repeat":"repeat","background-position":"center center","background-size":"auto","background-attachment":"scroll","background-type":"","background-media":"","overlay-type":"","overlay-color":"","overlay-opacity":"","overlay-gradient":""}},"ast-content-background-meta":{"desktop":{"background-color":"var(--ast-global-color-5)","background-image":"","background-repeat":"repeat","background-position":"center center","background-size":"auto","background-attachment":"scroll","background-type":"","background-media":"","overlay-type":"","overlay-color":"","overlay-opacity":"","overlay-gradient":""},"tablet":{"background-color":"var(--ast-global-color-5)","background-image":"","background-repeat":"repeat","background-position":"center center","background-size":"auto","background-attachment":"scroll","background-type":"","background-media":"","overlay-type":"","overlay-color":"","overlay-opacity":"","overlay-gradient":""},"mobile":{"background-color":"var(--ast-global-color-5)","background-image":"","background-repeat":"repeat","background-position":"center center","background-size":"auto","background-attachment":"scroll","background-type":"","background-media":"","overlay-type":"","overlay-color":"","overlay-opacity":"","overlay-gradient":""}},"_vp_format_video_url":"","_vp_image_focal_point":[]},"product_brand":[],"product_cat":[20],"product_tag":[],"class_list":{"0":"post-98","1":"product","2":"type-product","3":"status-publish","4":"has-post-thumbnail","6":"product_cat-convection-dryer","7":"pa_scale-mass-industrial-production","8":"pa_sectors-aerospace","9":"pa_sectors-agricultures","10":"pa_sectors-animal-feed-and-pet-food","11":"pa_sectors-automobile","12":"pa_sectors-biologics","13":"pa_sectors-chemicals","14":"pa_sectors-cosmetics","15":"pa_sectors-dairy","16":"pa_sectors-electronics","17":"pa_sectors-foods","18":"pa_sectors-herbals","19":"pa_sectors-new-energy","20":"pa_sectors-petroleum-and-petrochemicals","21":"pa_sectors-pharmaceuticals","22":"pa_sectors-solid-beverage","23":"pa_sectors-spices-and-flavorings","24":"pa_sectors-woodworking-and-timber-processing","25":"pa_technologies-convective-drying","26":"pa_technologies-cooling","27":"desktop-align-left","28":"tablet-align-left","29":"mobile-align-left","31":"first","32":"instock","33":"shipping-taxable","34":"product-type-simple"},"_links":{"self":[{"href":"https:\/\/www.sinothermo.com\/es\/wp-json\/wp\/v2\/product\/98","targetHints":{"allow":["GET"]}}],"collection":[{"href":"https:\/\/www.sinothermo.com\/es\/wp-json\/wp\/v2\/product"}],"about":[{"href":"https:\/\/www.sinothermo.com\/es\/wp-json\/wp\/v2\/types\/product"}],"version-history":[{"count":21,"href":"https:\/\/www.sinothermo.com\/es\/wp-json\/wp\/v2\/product\/98\/revisions"}],"predecessor-version":[{"id":14596,"href":"https:\/\/www.sinothermo.com\/es\/wp-json\/wp\/v2\/product\/98\/revisions\/14596"}],"wp:featuredmedia":[{"embeddable":true,"href":"https:\/\/www.sinothermo.com\/es\/wp-json\/wp\/v2\/media\/10399"}],"wp:attachment":[{"href":"https:\/\/www.sinothermo.com\/es\/wp-json\/wp\/v2\/media?parent=98"}],"wp:term":[{"taxonomy":"product_brand","embeddable":true,"href":"https:\/\/www.sinothermo.com\/es\/wp-json\/wp\/v2\/product_brand?post=98"},{"taxonomy":"product_cat","embeddable":true,"href":"https:\/\/www.sinothermo.com\/es\/wp-json\/wp\/v2\/product_cat?post=98"},{"taxonomy":"product_tag","embeddable":true,"href":"https:\/\/www.sinothermo.com\/es\/wp-json\/wp\/v2\/product_tag?post=98"}],"curies":[{"name":"gracias","href":"https:\/\/api.w.org\/{rel}","templated":true}]}}