{"id":114,"date":"2023-07-22T05:34:48","date_gmt":"2023-07-22T05:34:48","guid":{"rendered":"https:\/\/www.sinothermo.com\/?post_type=product&#038;p=114"},"modified":"2026-03-18T16:09:09","modified_gmt":"2026-03-18T08:09:09","slug":"screw-extruder-granulator","status":"publish","type":"product","link":"https:\/\/www.sinothermo.com\/fr\/products\/screw-extruder-granulator\/","title":{"rendered":"Extrudeuse \u00e0 vis SET Granulateur"},"content":{"rendered":"\t\t<div data-elementor-type=\"product-post\" data-elementor-id=\"114\" class=\"elementor elementor-114\" data-elementor-post-type=\"product\">\n\t\t\t\t<div class=\"elementor-element elementor-element-dff7c41 elementor-hidden-tablet elementor-hidden-mobile e-flex e-con-boxed elementor-invisible e-con e-parent\" data-id=\"dff7c41\" data-element_type=\"container\" data-e-type=\"container\" data-settings=\"{&quot;background_background&quot;:&quot;classic&quot;,&quot;sticky&quot;:&quot;top&quot;,&quot;sticky_offset&quot;:85,&quot;animation&quot;:&quot;fadeInDown&quot;,&quot;sticky_on&quot;:[&quot;desktop&quot;,&quot;laptop&quot;,&quot;tablet&quot;,&quot;mobile&quot;],&quot;sticky_effects_offset&quot;:0,&quot;sticky_anchor_link_offset&quot;:0}\">\n\t\t\t\t\t<div class=\"e-con-inner\">\n\t\t\t\t<div class=\"elementor-element elementor-element-7a792b5 elementor-icon-list--layout-inline elementor-list-item-link-full_width elementor-widget elementor-widget-icon-list\" data-id=\"7a792b5\" data-element_type=\"widget\" data-e-type=\"widget\" data-widget_type=\"icon-list.default\">\n\t\t\t\t\t\t\t<ul class=\"elementor-icon-list-items elementor-inline-items\">\n\t\t\t\t\t\t\t<li class=\"elementor-icon-list-item elementor-inline-item\">\n\t\t\t\t\t\t\t\t\t\t\t<a href=\"#A\">\n\n\t\t\t\t\t\t\t\t\t\t\t<span class=\"elementor-icon-list-text\">Key Features<\/span>\n\t\t\t\t\t\t\t\t\t\t\t<\/a>\n\t\t\t\t\t\t\t\t\t<\/li>\n\t\t\t\t\t\t\t\t<li class=\"elementor-icon-list-item elementor-inline-item\">\n\t\t\t\t\t\t\t\t\t\t\t<a href=\"#C\">\n\n\t\t\t\t\t\t\t\t\t\t\t<span class=\"elementor-icon-list-text\">Applications<\/span>\n\t\t\t\t\t\t\t\t\t\t\t<\/a>\n\t\t\t\t\t\t\t\t\t<\/li>\n\t\t\t\t\t\t\t\t<li class=\"elementor-icon-list-item elementor-inline-item\">\n\t\t\t\t\t\t\t\t\t\t\t<a href=\"#D\">\n\n\t\t\t\t\t\t\t\t\t\t\t<span class=\"elementor-icon-list-text\">Services<\/span>\n\t\t\t\t\t\t\t\t\t\t\t<\/a>\n\t\t\t\t\t\t\t\t\t<\/li>\n\t\t\t\t\t\t\t\t<li class=\"elementor-icon-list-item elementor-inline-item\">\n\t\t\t\t\t\t\t\t\t\t\t<a href=\"#E\">\n\n\t\t\t\t\t\t\t\t\t\t\t<span class=\"elementor-icon-list-text\">Related Products<\/span>\n\t\t\t\t\t\t\t\t\t\t\t<\/a>\n\t\t\t\t\t\t\t\t\t<\/li>\n\t\t\t\t\t\t<\/ul>\n\t\t\t\t\t\t<\/div>\n\t\t\t\t\t<\/div>\n\t\t\t\t<\/div>\n\t\t<div class=\"elementor-element elementor-element-e45734b e-con-full A e-flex e-con e-child\" data-id=\"e45734b\" data-element_type=\"container\" data-e-type=\"container\" id=\"A\">\n\t\t<div class=\"elementor-element elementor-element-2667251 e-con-full e-flex e-con e-child\" data-id=\"2667251\" data-element_type=\"container\" data-e-type=\"container\">\n\t\t\t\t<div class=\"elementor-element elementor-element-bc8ce2f elementor-widget elementor-widget-heading\" data-id=\"bc8ce2f\" data-element_type=\"widget\" data-e-type=\"widget\" data-widget_type=\"heading.default\">\n\t\t\t\t\t<h2 class=\"elementor-heading-title elementor-size-default\">Experienced Expert in Screw Extruder\n<\/h2>\t\t\t\t<\/div>\n\t\t\t\t<div class=\"elementor-element elementor-element-b9b8c0a elementor-widget elementor-widget-text-editor\" data-id=\"b9b8c0a\" data-element_type=\"widget\" data-e-type=\"widget\" data-widget_type=\"text-editor.default\">\n\t\t\t\t\t\t\t\t\t<p>The Screw Extruder is known for its efficiency and adaptability when working with materials. It offers control over particle size making it ideal for large scale projects. Its adjustable structure and energy efficient features make it a cost effective solution for granulation tasks enhancing productivity.<\/p>\t\t\t\t\t\t\t\t<\/div>\n\t\t\t\t<div class=\"elementor-element elementor-element-3427b68 elementor-icon-list--layout-traditional elementor-list-item-link-full_width elementor-widget elementor-widget-icon-list\" data-id=\"3427b68\" data-element_type=\"widget\" data-e-type=\"widget\" data-widget_type=\"icon-list.default\">\n\t\t\t\t\t\t\t<ul class=\"elementor-icon-list-items\">\n\t\t\t\t\t\t\t<li class=\"elementor-icon-list-item\">\n\t\t\t\t\t\t\t\t\t\t<span class=\"elementor-icon-list-text\">It is suitable for granulating various materials and can be used in different industries.<\/span>\n\t\t\t\t\t\t\t\t\t<\/li>\n\t\t\t\t\t\t\t\t<li class=\"elementor-icon-list-item\">\n\t\t\t\t\t\t\t\t\t\t<span class=\"elementor-icon-list-text\">The Screw Extruder excels in efficiency and is well suited for large scale manufacturing operations.<\/span>\n\t\t\t\t\t\t\t\t\t<\/li>\n\t\t\t\t\t\t\t\t<li class=\"elementor-icon-list-item\">\n\t\t\t\t\t\t\t\t\t\t<span class=\"elementor-icon-list-text\">It comes with designs to cater to production requirements effectively.<\/span>\n\t\t\t\t\t\t\t\t\t<\/li>\n\t\t\t\t\t\t\t\t<li class=\"elementor-icon-list-item\">\n\t\t\t\t\t\t\t\t\t\t<span class=\"elementor-icon-list-text\">Engineered for user operation and maintenance the Screw Extruder Granulator ensures ease of use.<\/span>\n\t\t\t\t\t\t\t\t\t<\/li>\n\t\t\t\t\t\t\t\t<li class=\"elementor-icon-list-item\">\n\t\t\t\t\t\t\t\t\t\t<span class=\"elementor-icon-list-text\">The Screw Extruder can reduce operating costs and increase efficiency.<\/span>\n\t\t\t\t\t\t\t\t\t<\/li>\n\t\t\t\t\t\t<\/ul>\n\t\t\t\t\t\t<\/div>\n\t\t\t\t<\/div>\n\t\t<div class=\"elementor-element elementor-element-5226676 e-con-full e-flex e-con e-child\" data-id=\"5226676\" data-element_type=\"container\" data-e-type=\"container\">\n\t\t\t\t<div class=\"elementor-element elementor-element-a989352 elementor-widget elementor-widget-image\" data-id=\"a989352\" data-element_type=\"widget\" data-e-type=\"widget\" data-widget_type=\"image.default\">\n\t\t\t\t\t\t\t\t\t\t\t\t\t\t\t<img fetchpriority=\"high\" decoding=\"async\" width=\"898\" height=\"1024\" src=\"https:\/\/www.sinothermo.com\/wp-content\/uploads\/2024\/01\/SET_Single-Double-Screw-Extrusion-Granulator-scaled-e1705299495967-898x1024.webp\" class=\"attachment-large size-large wp-image-2467\" alt=\"A Screw Extruder for granulation, featuring a hopper, stainless steel body, and intricate screw mechanism, displayed at an industrial expo.\" srcset=\"https:\/\/www.sinothermo.com\/wp-content\/uploads\/2024\/01\/SET_Single-Double-Screw-Extrusion-Granulator-scaled-e1705299495967-898x1024.webp 898w, https:\/\/www.sinothermo.com\/wp-content\/uploads\/2024\/01\/SET_Single-Double-Screw-Extrusion-Granulator-scaled-e1705299495967-263x300.webp 263w, https:\/\/www.sinothermo.com\/wp-content\/uploads\/2024\/01\/SET_Single-Double-Screw-Extrusion-Granulator-scaled-e1705299495967-768x876.webp 768w, https:\/\/www.sinothermo.com\/wp-content\/uploads\/2024\/01\/SET_Single-Double-Screw-Extrusion-Granulator-scaled-e1705299495967-1347x1536.webp 1347w, https:\/\/www.sinothermo.com\/wp-content\/uploads\/2024\/01\/SET_Single-Double-Screw-Extrusion-Granulator-scaled-e1705299495967-600x684.webp 600w, https:\/\/www.sinothermo.com\/wp-content\/uploads\/2024\/01\/SET_Single-Double-Screw-Extrusion-Granulator-scaled-e1705299495967.webp 1638w\" sizes=\"(max-width: 898px) 100vw, 898px\" \/>\t\t\t\t\t\t\t\t\t\t\t\t\t\t\t<\/div>\n\t\t\t\t<\/div>\n\t\t\t\t<\/div>\n\t\t<div class=\"elementor-element elementor-element-1e92710 e-con-full C e-flex e-con e-child\" data-id=\"1e92710\" data-element_type=\"container\" data-e-type=\"container\" id=\"C\">\n\t\t\t\t<div class=\"elementor-element elementor-element-5faa07d elementor-widget elementor-widget-heading\" data-id=\"5faa07d\" data-element_type=\"widget\" data-e-type=\"widget\" data-widget_type=\"heading.default\">\n\t\t\t\t\t<h2 class=\"elementor-heading-title elementor-size-default\">Applications\n<\/h2>\t\t\t\t<\/div>\n\t\t\t\t<div class=\"elementor-element elementor-element-3496a81 elementor-pagination-type-bullets elementor-arrows-position-inside elementor-pagination-position-outside elementor-widget elementor-widget-n-carousel\" data-id=\"3496a81\" data-element_type=\"widget\" data-e-type=\"widget\" data-settings=\"{&quot;carousel_items&quot;:[{&quot;slide_title&quot;:&quot;Slide #1&quot;,&quot;_id&quot;:&quot;42f826d&quot;},{&quot;slide_title&quot;:&quot;Slide #2&quot;,&quot;_id&quot;:&quot;022f8f2&quot;},{&quot;slide_title&quot;:&quot;Slide #3&quot;,&quot;_id&quot;:&quot;9a209e3&quot;},{&quot;slide_title&quot;:&quot;Slide #4&quot;,&quot;_id&quot;:&quot;978beda&quot;},{&quot;slide_title&quot;:&quot;Slide #5&quot;,&quot;_id&quot;:&quot;74928db&quot;}],&quot;slides_to_show&quot;:&quot;4&quot;,&quot;slides_to_scroll&quot;:&quot;1&quot;,&quot;autoplay_speed&quot;:4000,&quot;image_spacing_custom&quot;:{&quot;unit&quot;:&quot;px&quot;,&quot;size&quot;:0,&quot;sizes&quot;:[]},&quot;slides_to_show_laptop&quot;:&quot;3&quot;,&quot;slides_to_scroll_laptop&quot;:&quot;1&quot;,&quot;slides_to_show_tablet&quot;:&quot;2&quot;,&quot;slides_to_show_mobile&quot;:&quot;1&quot;,&quot;autoplay&quot;:&quot;yes&quot;,&quot;pause_on_hover&quot;:&quot;yes&quot;,&quot;pause_on_interaction&quot;:&quot;yes&quot;,&quot;infinite&quot;:&quot;yes&quot;,&quot;speed&quot;:500,&quot;offset_sides&quot;:&quot;none&quot;,&quot;arrows&quot;:&quot;yes&quot;,&quot;pagination&quot;:&quot;bullets&quot;,&quot;image_spacing_custom_laptop&quot;:{&quot;unit&quot;:&quot;px&quot;,&quot;size&quot;:&quot;&quot;,&quot;sizes&quot;:[]},&quot;image_spacing_custom_tablet&quot;:{&quot;unit&quot;:&quot;px&quot;,&quot;size&quot;:&quot;&quot;,&quot;sizes&quot;:[]},&quot;image_spacing_custom_mobile&quot;:{&quot;unit&quot;:&quot;px&quot;,&quot;size&quot;:&quot;&quot;,&quot;sizes&quot;:[]}}\" data-widget_type=\"nested-carousel.default\">\n\t\t\t\t\t\t\t<div class=\"e-n-carousel swiper\" role=\"region\" aria-roledescription=\"carousel\" aria-label=\"Carousel\" dir=\"ltr\">\n\t\t\t<div class=\"swiper-wrapper\" aria-live=\"off\">\n\t\t\t\t\t\t\t\t\t\t<div class=\"swiper-slide\" data-slide=\"1\" role=\"group\" aria-roledescription=\"slide\" aria-label=\"1 of 5\">\n\t\t\t\t\t\t\t<div class=\"elementor-element elementor-element-ff6522d e-flex e-con-boxed e-con e-child\" data-id=\"ff6522d\" data-element_type=\"container\" data-e-type=\"container\">\n\t\t\t\t\t<div class=\"e-con-inner\">\n\t\t\t\t<div class=\"elementor-element elementor-element-a440ec5 elementor-widget elementor-widget-image\" data-id=\"a440ec5\" data-element_type=\"widget\" data-e-type=\"widget\" data-widget_type=\"image.default\">\n\t\t\t\t\t\t\t\t\t\t\t\t\t\t\t<img decoding=\"async\" width=\"400\" height=\"300\" src=\"https:\/\/www.sinothermo.com\/wp-content\/uploads\/2024\/06\/Pharmaceutical.webp\" class=\"attachment-full size-full wp-image-13497\" alt=\"\" srcset=\"https:\/\/www.sinothermo.com\/wp-content\/uploads\/2024\/06\/Pharmaceutical.webp 400w, https:\/\/www.sinothermo.com\/wp-content\/uploads\/2024\/06\/Pharmaceutical-300x225.webp 300w, https:\/\/www.sinothermo.com\/wp-content\/uploads\/2024\/06\/Pharmaceutical-16x12.webp 16w\" sizes=\"(max-width: 400px) 100vw, 400px\" \/>\t\t\t\t\t\t\t\t\t\t\t\t\t\t\t<\/div>\n\t\t\t\t<div class=\"elementor-element elementor-element-c0674a3 elementor-widget elementor-widget-heading\" data-id=\"c0674a3\" data-element_type=\"widget\" data-e-type=\"widget\" data-widget_type=\"heading.default\">\n\t\t\t\t\t<h2 class=\"elementor-heading-title elementor-size-default\">Pharmaceutical<\/h2>\t\t\t\t<\/div>\n\t\t\t\t<div class=\"elementor-element elementor-element-9a5f6f0 elementor-widget elementor-widget-text-editor\" data-id=\"9a5f6f0\" data-element_type=\"widget\" data-e-type=\"widget\" data-widget_type=\"text-editor.default\">\n\t\t\t\t\t\t\t\t\t<p>Ideal for making drug granules, including time release meds, for accurate and steady dosing.<\/p>\t\t\t\t\t\t\t\t<\/div>\n\t\t\t\t\t<\/div>\n\t\t\t\t<\/div>\n\t\t\t\t\t\t\t\t<\/div>\n\t\t\t\t\t\t\t\t\t\t\t<div class=\"swiper-slide\" data-slide=\"2\" role=\"group\" aria-roledescription=\"slide\" aria-label=\"2 of 5\">\n\t\t\t\t\t\t\t<div class=\"elementor-element elementor-element-3ce8a8c e-flex e-con-boxed e-con e-child\" data-id=\"3ce8a8c\" data-element_type=\"container\" data-e-type=\"container\">\n\t\t\t\t\t<div class=\"e-con-inner\">\n\t\t\t\t<div class=\"elementor-element elementor-element-3e9b6eb elementor-widget elementor-widget-image\" data-id=\"3e9b6eb\" data-element_type=\"widget\" data-e-type=\"widget\" data-widget_type=\"image.default\">\n\t\t\t\t\t\t\t\t\t\t\t\t\t\t\t<img decoding=\"async\" width=\"400\" height=\"300\" src=\"https:\/\/www.sinothermo.com\/wp-content\/uploads\/2024\/06\/Flavors-Fragrances.webp\" class=\"attachment-full size-full wp-image-13506\" alt=\"\" srcset=\"https:\/\/www.sinothermo.com\/wp-content\/uploads\/2024\/06\/Flavors-Fragrances.webp 400w, https:\/\/www.sinothermo.com\/wp-content\/uploads\/2024\/06\/Flavors-Fragrances-300x225.webp 300w, https:\/\/www.sinothermo.com\/wp-content\/uploads\/2024\/06\/Flavors-Fragrances-16x12.webp 16w\" sizes=\"(max-width: 400px) 100vw, 400px\" \/>\t\t\t\t\t\t\t\t\t\t\t\t\t\t\t<\/div>\n\t\t\t\t<div class=\"elementor-element elementor-element-ab7d64d elementor-widget elementor-widget-heading\" data-id=\"ab7d64d\" data-element_type=\"widget\" data-e-type=\"widget\" data-widget_type=\"heading.default\">\n\t\t\t\t\t<h2 class=\"elementor-heading-title elementor-size-default\">Food <\/h2>\t\t\t\t<\/div>\n\t\t\t\t<div class=\"elementor-element elementor-element-05530a6 elementor-widget elementor-widget-text-editor\" data-id=\"05530a6\" data-element_type=\"widget\" data-e-type=\"widget\" data-widget_type=\"text-editor.default\">\n\t\t\t\t\t\t\t\t\t<p>It is ideal for manufacturing additive granules such as health foods and fiber to ensure consistent quality.<\/p>\t\t\t\t\t\t\t\t<\/div>\n\t\t\t\t\t<\/div>\n\t\t\t\t<\/div>\n\t\t\t\t\t\t\t\t<\/div>\n\t\t\t\t\t\t\t\t\t\t\t<div class=\"swiper-slide\" data-slide=\"3\" role=\"group\" aria-roledescription=\"slide\" aria-label=\"3 of 5\">\n\t\t\t\t\t\t\t<div class=\"elementor-element elementor-element-f120fae e-flex e-con-boxed e-con e-child\" data-id=\"f120fae\" data-element_type=\"container\" data-e-type=\"container\">\n\t\t\t\t\t<div class=\"e-con-inner\">\n\t\t\t\t<div class=\"elementor-element elementor-element-469081b elementor-widget elementor-widget-image\" data-id=\"469081b\" data-element_type=\"widget\" data-e-type=\"widget\" data-widget_type=\"image.default\">\n\t\t\t\t\t\t\t\t\t\t\t\t\t\t\t<img loading=\"lazy\" decoding=\"async\" width=\"400\" height=\"300\" src=\"https:\/\/www.sinothermo.com\/wp-content\/uploads\/2024\/06\/animal-feed.webp\" class=\"attachment-full size-full wp-image-13520\" alt=\"animal feed\" srcset=\"https:\/\/www.sinothermo.com\/wp-content\/uploads\/2024\/06\/animal-feed.webp 400w, https:\/\/www.sinothermo.com\/wp-content\/uploads\/2024\/06\/animal-feed-300x225.webp 300w, https:\/\/www.sinothermo.com\/wp-content\/uploads\/2024\/06\/animal-feed-16x12.webp 16w\" sizes=\"(max-width: 400px) 100vw, 400px\" \/>\t\t\t\t\t\t\t\t\t\t\t\t\t\t\t<\/div>\n\t\t\t\t<div class=\"elementor-element elementor-element-c0233b2 elementor-widget elementor-widget-heading\" data-id=\"c0233b2\" data-element_type=\"widget\" data-e-type=\"widget\" data-widget_type=\"heading.default\">\n\t\t\t\t\t<h2 class=\"elementor-heading-title elementor-size-default\">Animal Feed<\/h2>\t\t\t\t<\/div>\n\t\t\t\t<div class=\"elementor-element elementor-element-8722ade elementor-widget elementor-widget-text-editor\" data-id=\"8722ade\" data-element_type=\"widget\" data-e-type=\"widget\" data-widget_type=\"text-editor.default\">\n\t\t\t\t\t\t\t\t\t<p>It can ensure the even distribution of animal feed nutrients and promote animal digestion and absorption.<\/p>\t\t\t\t\t\t\t\t<\/div>\n\t\t\t\t\t<\/div>\n\t\t\t\t<\/div>\n\t\t\t\t\t\t\t\t<\/div>\n\t\t\t\t\t\t\t\t\t\t\t<div class=\"swiper-slide\" data-slide=\"4\" role=\"group\" aria-roledescription=\"slide\" aria-label=\"4 of 5\">\n\t\t\t\t\t\t\t<div class=\"elementor-element elementor-element-100e679 e-flex e-con-boxed e-con e-child\" data-id=\"100e679\" data-element_type=\"container\" data-e-type=\"container\">\n\t\t\t\t\t<div class=\"e-con-inner\">\n\t\t\t\t<div class=\"elementor-element elementor-element-388f9a5 elementor-widget elementor-widget-image\" data-id=\"388f9a5\" data-element_type=\"widget\" data-e-type=\"widget\" data-widget_type=\"image.default\">\n\t\t\t\t\t\t\t\t\t\t\t\t\t\t\t<img loading=\"lazy\" decoding=\"async\" width=\"400\" height=\"300\" src=\"https:\/\/www.sinothermo.com\/wp-content\/uploads\/2024\/06\/plastic.webp\" class=\"attachment-full size-full wp-image-13498\" alt=\"Plastics\" srcset=\"https:\/\/www.sinothermo.com\/wp-content\/uploads\/2024\/06\/plastic.webp 400w, https:\/\/www.sinothermo.com\/wp-content\/uploads\/2024\/06\/plastic-300x225.webp 300w, https:\/\/www.sinothermo.com\/wp-content\/uploads\/2024\/06\/plastic-16x12.webp 16w\" sizes=\"(max-width: 400px) 100vw, 400px\" \/>\t\t\t\t\t\t\t\t\t\t\t\t\t\t\t<\/div>\n\t\t\t\t<div class=\"elementor-element elementor-element-db89755 elementor-widget elementor-widget-heading\" data-id=\"db89755\" data-element_type=\"widget\" data-e-type=\"widget\" data-widget_type=\"heading.default\">\n\t\t\t\t\t<h2 class=\"elementor-heading-title elementor-size-default\">Plastics<\/h2>\t\t\t\t<\/div>\n\t\t\t\t<div class=\"elementor-element elementor-element-3fd2853 elementor-widget elementor-widget-text-editor\" data-id=\"3fd2853\" data-element_type=\"widget\" data-e-type=\"widget\" data-widget_type=\"text-editor.default\">\n\t\t\t\t\t\t\t\t\t<p>Used for granulating plastic raw materials and composite materials to improve the processing performance and quality of plastics.<\/p>\t\t\t\t\t\t\t\t<\/div>\n\t\t\t\t\t<\/div>\n\t\t\t\t<\/div>\n\t\t\t\t\t\t\t\t<\/div>\n\t\t\t\t\t\t\t\t\t\t\t<div class=\"swiper-slide\" data-slide=\"5\" role=\"group\" aria-roledescription=\"slide\" aria-label=\"5 of 5\">\n\t\t\t\t\t\t\t<div class=\"elementor-element elementor-element-cd94bd2 e-flex e-con-boxed e-con e-child\" data-id=\"cd94bd2\" data-element_type=\"container\" data-e-type=\"container\">\n\t\t\t\t\t<div class=\"e-con-inner\">\n\t\t\t\t<div class=\"elementor-element elementor-element-5189458 elementor-widget elementor-widget-image\" data-id=\"5189458\" data-element_type=\"widget\" data-e-type=\"widget\" data-widget_type=\"image.default\">\n\t\t\t\t\t\t\t\t\t\t\t\t\t\t\t<img loading=\"lazy\" decoding=\"async\" width=\"400\" height=\"300\" src=\"https:\/\/www.sinothermo.com\/wp-content\/uploads\/2024\/06\/Cosmetics.webp\" class=\"attachment-full size-full wp-image-13504\" alt=\"\" srcset=\"https:\/\/www.sinothermo.com\/wp-content\/uploads\/2024\/06\/Cosmetics.webp 400w, https:\/\/www.sinothermo.com\/wp-content\/uploads\/2024\/06\/Cosmetics-300x225.webp 300w, https:\/\/www.sinothermo.com\/wp-content\/uploads\/2024\/06\/Cosmetics-16x12.webp 16w\" sizes=\"(max-width: 400px) 100vw, 400px\" \/>\t\t\t\t\t\t\t\t\t\t\t\t\t\t\t<\/div>\n\t\t\t\t<div class=\"elementor-element elementor-element-cf42a0a elementor-widget elementor-widget-heading\" data-id=\"cf42a0a\" data-element_type=\"widget\" data-e-type=\"widget\" data-widget_type=\"heading.default\">\n\t\t\t\t\t<h2 class=\"elementor-heading-title elementor-size-default\">Cosmetic<\/h2>\t\t\t\t<\/div>\n\t\t\t\t<div class=\"elementor-element elementor-element-fc89a70 elementor-widget elementor-widget-text-editor\" data-id=\"fc89a70\" data-element_type=\"widget\" data-e-type=\"widget\" data-widget_type=\"text-editor.default\">\n\t\t\t\t\t\t\t\t\t<p>The Screw Extruder can be used to granulate cosmetic ingredients to enhance the applicability and stability of the product.<\/p>\t\t\t\t\t\t\t\t<\/div>\n\t\t\t\t\t<\/div>\n\t\t\t\t<\/div>\n\t\t\t\t\t\t\t\t<\/div>\n\t\t\t\t\t\t\t\t<\/div>\n\t\t<\/div>\n\t\t\t\t\t<div class=\"elementor-swiper-button elementor-swiper-button-prev\" role=\"button\" tabindex=\"0\" aria-label=\"Sebelumnya\">\n\t\t\t\t<svg aria-hidden=\"true\" class=\"e-font-icon-svg e-eicon-chevron-left\" viewBox=\"0 0 1000 1000\" xmlns=\"http:\/\/www.w3.org\/2000\/svg\"><path d=\"M646 125C629 125 613 133 604 142L308 442C296 454 292 471 292 487 292 504 296 521 308 533L604 854C617 867 629 875 646 875 663 875 679 871 692 858 704 846 713 829 713 812 713 796 708 779 692 767L438 487 692 225C700 217 708 204 708 187 708 171 704 154 692 142 675 129 663 125 646 125Z\"><\/path><\/svg>\t\t\t<\/div>\n\t\t\t<div class=\"elementor-swiper-button elementor-swiper-button-next\" role=\"button\" tabindex=\"0\" aria-label=\"Berikutnya\">\n\t\t\t\t<svg aria-hidden=\"true\" class=\"e-font-icon-svg e-eicon-chevron-right\" viewBox=\"0 0 1000 1000\" xmlns=\"http:\/\/www.w3.org\/2000\/svg\"><path d=\"M696 533C708 521 713 504 713 487 713 471 708 454 696 446L400 146C388 133 375 125 354 125 338 125 325 129 313 142 300 154 292 171 292 187 292 204 296 221 308 233L563 492 304 771C292 783 288 800 288 817 288 833 296 850 308 863 321 871 338 875 354 875 371 875 388 867 400 854L696 533Z\"><\/path><\/svg>\t\t\t<\/div>\n\t\t\t\t\t<div class=\"swiper-pagination\"><\/div>\n\t\t\t\t\t\t<\/div>\n\t\t\t\t<\/div>\n\t\t\t\t<\/div>\n\t\t","protected":false},"excerpt":{"rendered":"<p><strong>Granulation humide avec proc\u00e9d\u00e9 d'extrusion \u00e0 vis :<\/strong><br \/>\nEn utilisant le processus d'extrusion, la granulation humide tire parti de l'auto-viscosit\u00e9 de la dispersion solide-liquide pour lier les particules de poudre. Il en r\u00e9sulte des particules de forme et de taille diff\u00e9rentes. Le m\u00e9canisme d'extrusion \u00e0 vis g\u00e9n\u00e8re une force pour cr\u00e9er des granul\u00e9s sans toujours n\u00e9cessiter de liant, ce qui est particuli\u00e8rement adapt\u00e9 aux mat\u00e9riaux \u00e0 haute viscosit\u00e9. Le refroidissement par eau est \u00e9galement disponible en option.<\/p>\n<p><strong>Entr\u00e9e : <\/strong>M\u00e9lange solide-liquide (principalement solide)<\/p>\n<p><strong>Sortie : <\/strong>Granul\u00e9s cylindriques humides<\/p>\n<p><strong>Type : <\/strong>Granulation par extrusion, granulation par voie humide<\/p>","protected":false},"featured_media":10376,"template":"","meta":{"site-sidebar-layout":"default","site-content-layout":"","ast-site-content-layout":"default","site-content-style":"default","site-sidebar-style":"default","ast-global-header-display":"","ast-banner-title-visibility":"","ast-main-header-display":"","ast-hfb-above-header-display":"","ast-hfb-below-header-display":"","ast-hfb-mobile-header-display":"","site-post-title":"","ast-breadcrumbs-content":"","ast-featured-img":"","footer-sml-layout":"","ast-disable-related-posts":"","theme-transparent-header-meta":"default","adv-header-id-meta":"","stick-header-meta":"","header-above-stick-meta":"","header-main-stick-meta":"","header-below-stick-meta":"","astra-migrate-meta-layouts":"set","ast-page-background-enabled":"default","ast-page-background-meta":{"desktop":{"background-color":"var(--ast-global-color-4)","background-image":"","background-repeat":"repeat","background-position":"center center","background-size":"auto","background-attachment":"scroll","background-type":"","background-media":"","overlay-type":"","overlay-color":"","overlay-opacity":"","overlay-gradient":""},"tablet":{"background-color":"","background-image":"","background-repeat":"repeat","background-position":"center center","background-size":"auto","background-attachment":"scroll","background-type":"","background-media":"","overlay-type":"","overlay-color":"","overlay-opacity":"","overlay-gradient":""},"mobile":{"background-color":"","background-image":"","background-repeat":"repeat","background-position":"center center","background-size":"auto","background-attachment":"scroll","background-type":"","background-media":"","overlay-type":"","overlay-color":"","overlay-opacity":"","overlay-gradient":""}},"ast-content-background-meta":{"desktop":{"background-color":"var(--ast-global-color-5)","background-image":"","background-repeat":"repeat","background-position":"center center","background-size":"auto","background-attachment":"scroll","background-type":"","background-media":"","overlay-type":"","overlay-color":"","overlay-opacity":"","overlay-gradient":""},"tablet":{"background-color":"var(--ast-global-color-5)","background-image":"","background-repeat":"repeat","background-position":"center center","background-size":"auto","background-attachment":"scroll","background-type":"","background-media":"","overlay-type":"","overlay-color":"","overlay-opacity":"","overlay-gradient":""},"mobile":{"background-color":"var(--ast-global-color-5)","background-image":"","background-repeat":"repeat","background-position":"center center","background-size":"auto","background-attachment":"scroll","background-type":"","background-media":"","overlay-type":"","overlay-color":"","overlay-opacity":"","overlay-gradient":""}},"_vp_format_video_url":"","_vp_image_focal_point":[]},"product_brand":[],"product_cat":[22],"product_tag":[],"class_list":{"0":"post-114","1":"product","2":"type-product","3":"status-publish","4":"has-post-thumbnail","6":"product_cat-granulator-and-extruder","7":"pa_scale-mass-industrial-production","8":"pa_sectors-aerospace","9":"pa_sectors-agricultures","10":"pa_sectors-animal-feed-and-pet-food","11":"pa_sectors-automobile","12":"pa_sectors-biologics","13":"pa_sectors-chemicals","14":"pa_sectors-cosmetics","15":"pa_sectors-dairy","16":"pa_sectors-electronics","17":"pa_sectors-foods","18":"pa_sectors-herbals","19":"pa_sectors-new-energy","20":"pa_sectors-petroleum-and-petrochemicals","21":"pa_sectors-pharmaceuticals","22":"pa_sectors-plastics","23":"pa_sectors-rubbers","24":"pa_sectors-solid-beverage","25":"pa_sectors-spices-and-flavorings","26":"pa_sectors-veterinary-medicine","27":"pa_technologies-wet-granulation","28":"desktop-align-left","29":"tablet-align-left","30":"mobile-align-left","32":"first","33":"instock","34":"shipping-taxable","35":"product-type-simple"},"_links":{"self":[{"href":"https:\/\/www.sinothermo.com\/fr\/wp-json\/wp\/v2\/product\/114","targetHints":{"allow":["GET"]}}],"collection":[{"href":"https:\/\/www.sinothermo.com\/fr\/wp-json\/wp\/v2\/product"}],"about":[{"href":"https:\/\/www.sinothermo.com\/fr\/wp-json\/wp\/v2\/types\/product"}],"version-history":[{"count":24,"href":"https:\/\/www.sinothermo.com\/fr\/wp-json\/wp\/v2\/product\/114\/revisions"}],"predecessor-version":[{"id":14652,"href":"https:\/\/www.sinothermo.com\/fr\/wp-json\/wp\/v2\/product\/114\/revisions\/14652"}],"wp:featuredmedia":[{"embeddable":true,"href":"https:\/\/www.sinothermo.com\/fr\/wp-json\/wp\/v2\/media\/10376"}],"wp:attachment":[{"href":"https:\/\/www.sinothermo.com\/fr\/wp-json\/wp\/v2\/media?parent=114"}],"wp:term":[{"taxonomy":"product_brand","embeddable":true,"href":"https:\/\/www.sinothermo.com\/fr\/wp-json\/wp\/v2\/product_brand?post=114"},{"taxonomy":"product_cat","embeddable":true,"href":"https:\/\/www.sinothermo.com\/fr\/wp-json\/wp\/v2\/product_cat?post=114"},{"taxonomy":"product_tag","embeddable":true,"href":"https:\/\/www.sinothermo.com\/fr\/wp-json\/wp\/v2\/product_tag?post=114"}],"curies":[{"name":"wp","href":"https:\/\/api.w.org\/{rel}","templated":true}]}}