{"id":143,"date":"2023-07-22T05:43:08","date_gmt":"2023-07-22T05:43:08","guid":{"rendered":"https:\/\/www.sinothermo.com\/?post_type=product&#038;p=143"},"modified":"2026-03-18T16:24:25","modified_gmt":"2026-03-18T08:24:25","slug":"horizontal-ribbon-mixer","status":"publish","type":"product","link":"https:\/\/www.sinothermo.com\/fr\/products\/horizontal-ribbon-mixer\/","title":{"rendered":"WLDH-M\u00e9langeur \u00e0 ruban horizontal"},"content":{"rendered":"\t\t<div data-elementor-type=\"product-post\" data-elementor-id=\"143\" class=\"elementor elementor-143\" data-elementor-post-type=\"product\">\n\t\t\t\t<div class=\"elementor-element elementor-element-5a6accc elementor-hidden-tablet elementor-hidden-mobile e-flex e-con-boxed elementor-invisible e-con e-parent\" data-id=\"5a6accc\" data-element_type=\"container\" data-e-type=\"container\" data-settings=\"{&quot;background_background&quot;:&quot;classic&quot;,&quot;sticky&quot;:&quot;top&quot;,&quot;sticky_offset&quot;:85,&quot;animation&quot;:&quot;fadeInDown&quot;,&quot;sticky_on&quot;:[&quot;desktop&quot;,&quot;laptop&quot;,&quot;tablet&quot;,&quot;mobile&quot;],&quot;sticky_effects_offset&quot;:0,&quot;sticky_anchor_link_offset&quot;:0}\">\n\t\t\t\t\t<div class=\"e-con-inner\">\n\t\t\t\t<div class=\"elementor-element elementor-element-48f8d18 elementor-icon-list--layout-inline elementor-list-item-link-full_width elementor-widget elementor-widget-icon-list\" data-id=\"48f8d18\" data-element_type=\"widget\" data-e-type=\"widget\" data-widget_type=\"icon-list.default\">\n\t\t\t\t\t\t\t<ul class=\"elementor-icon-list-items elementor-inline-items\">\n\t\t\t\t\t\t\t<li class=\"elementor-icon-list-item elementor-inline-item\">\n\t\t\t\t\t\t\t\t\t\t\t<a href=\"#A\">\n\n\t\t\t\t\t\t\t\t\t\t\t<span class=\"elementor-icon-list-text\">Key Features<\/span>\n\t\t\t\t\t\t\t\t\t\t\t<\/a>\n\t\t\t\t\t\t\t\t\t<\/li>\n\t\t\t\t\t\t\t\t<li class=\"elementor-icon-list-item elementor-inline-item\">\n\t\t\t\t\t\t\t\t\t\t\t<a href=\"#C\">\n\n\t\t\t\t\t\t\t\t\t\t\t<span class=\"elementor-icon-list-text\">Applications<\/span>\n\t\t\t\t\t\t\t\t\t\t\t<\/a>\n\t\t\t\t\t\t\t\t\t<\/li>\n\t\t\t\t\t\t\t\t<li class=\"elementor-icon-list-item elementor-inline-item\">\n\t\t\t\t\t\t\t\t\t\t\t<a href=\"#D\">\n\n\t\t\t\t\t\t\t\t\t\t\t<span class=\"elementor-icon-list-text\">Services<\/span>\n\t\t\t\t\t\t\t\t\t\t\t<\/a>\n\t\t\t\t\t\t\t\t\t<\/li>\n\t\t\t\t\t\t\t\t<li class=\"elementor-icon-list-item elementor-inline-item\">\n\t\t\t\t\t\t\t\t\t\t\t<a href=\"#E\">\n\n\t\t\t\t\t\t\t\t\t\t\t<span class=\"elementor-icon-list-text\">Related Products<\/span>\n\t\t\t\t\t\t\t\t\t\t\t<\/a>\n\t\t\t\t\t\t\t\t\t<\/li>\n\t\t\t\t\t\t<\/ul>\n\t\t\t\t\t\t<\/div>\n\t\t\t\t\t<\/div>\n\t\t\t\t<\/div>\n\t\t<div class=\"elementor-element elementor-element-51c909d e-con-full A e-flex e-con e-child\" data-id=\"51c909d\" data-element_type=\"container\" data-e-type=\"container\" id=\"A\">\n\t\t<div class=\"elementor-element elementor-element-cea5d95 e-con-full e-flex e-con e-child\" data-id=\"cea5d95\" data-element_type=\"container\" data-e-type=\"container\">\n\t\t\t\t<div class=\"elementor-element elementor-element-3770bb8 elementor-widget elementor-widget-heading\" data-id=\"3770bb8\" data-element_type=\"widget\" data-e-type=\"widget\" data-widget_type=\"heading.default\">\n\t\t\t\t\t<h2 class=\"elementor-heading-title elementor-size-default\">Horizontal Ribbon Mixer - A Pinnacle of Blending Efficiency<\/h2>\t\t\t\t<\/div>\n\t\t\t\t<div class=\"elementor-element elementor-element-61b8e52 elementor-widget elementor-widget-text-editor\" data-id=\"61b8e52\" data-element_type=\"widget\" data-e-type=\"widget\" data-widget_type=\"text-editor.default\">\n\t\t\t\t\t\t\t\t\t<p>The Horizontal Ribbon Mixer stands out for its efficiency in blending a variety of materials ensuring uniformity minimizing processing time and offering setups for different industrial needs.<\/p>\t\t\t\t\t\t\t\t<\/div>\n\t\t\t\t<div class=\"elementor-element elementor-element-7585585 elementor-icon-list--layout-traditional elementor-list-item-link-full_width elementor-widget elementor-widget-icon-list\" data-id=\"7585585\" data-element_type=\"widget\" data-e-type=\"widget\" data-widget_type=\"icon-list.default\">\n\t\t\t\t\t\t\t<ul class=\"elementor-icon-list-items\">\n\t\t\t\t\t\t\t<li class=\"elementor-icon-list-item\">\n\t\t\t\t\t\t\t\t\t\t<span class=\"elementor-icon-list-text\">This mixer excels in creating mixtures of materials while maintaining quality standards.<\/span>\n\t\t\t\t\t\t\t\t\t<\/li>\n\t\t\t\t\t\t\t\t<li class=\"elementor-icon-list-item\">\n\t\t\t\t\t\t\t\t\t\t<span class=\"elementor-icon-list-text\">The Horizontal Ribbon Mixer is proficient at blending solids, powders and pastes to cater to mixing requirements.<\/span>\n\t\t\t\t\t\t\t\t\t<\/li>\n\t\t\t\t\t\t\t\t<li class=\"elementor-icon-list-item\">\n\t\t\t\t\t\t\t\t\t\t<span class=\"elementor-icon-list-text\">Efforts are made to enhance energy efficiency and reduce power consumption without compromising performance.<\/span>\n\t\t\t\t\t\t\t\t\t<\/li>\n\t\t\t\t\t\t\t\t<li class=\"elementor-icon-list-item\">\n\t\t\t\t\t\t\t\t\t\t<span class=\"elementor-icon-list-text\">By speeding up the mixing process this blender significantly cuts down on preparation time.<\/span>\n\t\t\t\t\t\t\t\t\t<\/li>\n\t\t\t\t\t\t\t\t<li class=\"elementor-icon-list-item\">\n\t\t\t\t\t\t\t\t\t\t<span class=\"elementor-icon-list-text\">Specifically crafted to handle heat sensitive materials to preserve their quality.<\/span>\n\t\t\t\t\t\t\t\t\t<\/li>\n\t\t\t\t\t\t<\/ul>\n\t\t\t\t\t\t<\/div>\n\t\t\t\t<\/div>\n\t\t<div class=\"elementor-element elementor-element-aafa8b2 e-con-full e-flex e-con e-child\" data-id=\"aafa8b2\" data-element_type=\"container\" data-e-type=\"container\">\n\t\t\t\t<div class=\"elementor-element elementor-element-0d5c7e9 elementor-widget elementor-widget-image\" data-id=\"0d5c7e9\" data-element_type=\"widget\" data-e-type=\"widget\" data-widget_type=\"image.default\">\n\t\t\t\t\t\t\t\t\t\t\t\t\t\t\t<img fetchpriority=\"high\" decoding=\"async\" width=\"2560\" height=\"1920\" src=\"https:\/\/www.sinothermo.com\/wp-content\/uploads\/2023\/07\/Horizontal-Ribbon-Mixer-1-scaled.webp\" class=\"attachment-full size-full wp-image-13828\" alt=\"Horizontal Ribbon Mixer\" srcset=\"https:\/\/www.sinothermo.com\/wp-content\/uploads\/2023\/07\/Horizontal-Ribbon-Mixer-1-scaled.webp 2560w, https:\/\/www.sinothermo.com\/wp-content\/uploads\/2023\/07\/Horizontal-Ribbon-Mixer-1-300x225.webp 300w, https:\/\/www.sinothermo.com\/wp-content\/uploads\/2023\/07\/Horizontal-Ribbon-Mixer-1-1024x768.webp 1024w, https:\/\/www.sinothermo.com\/wp-content\/uploads\/2023\/07\/Horizontal-Ribbon-Mixer-1-768x576.webp 768w, https:\/\/www.sinothermo.com\/wp-content\/uploads\/2023\/07\/Horizontal-Ribbon-Mixer-1-1536x1152.webp 1536w, https:\/\/www.sinothermo.com\/wp-content\/uploads\/2023\/07\/Horizontal-Ribbon-Mixer-1-2048x1536.webp 2048w, https:\/\/www.sinothermo.com\/wp-content\/uploads\/2023\/07\/Horizontal-Ribbon-Mixer-1-16x12.webp 16w, https:\/\/www.sinothermo.com\/wp-content\/uploads\/2023\/07\/Horizontal-Ribbon-Mixer-1-500x375.webp 500w, https:\/\/www.sinothermo.com\/wp-content\/uploads\/2023\/07\/Horizontal-Ribbon-Mixer-1-800x600.webp 800w, https:\/\/www.sinothermo.com\/wp-content\/uploads\/2023\/07\/Horizontal-Ribbon-Mixer-1-1280x960.webp 1280w, https:\/\/www.sinothermo.com\/wp-content\/uploads\/2023\/07\/Horizontal-Ribbon-Mixer-1-1920x1440.webp 1920w, https:\/\/www.sinothermo.com\/wp-content\/uploads\/2023\/07\/Horizontal-Ribbon-Mixer-1-600x450.webp 600w\" sizes=\"(max-width: 2560px) 100vw, 2560px\" \/>\t\t\t\t\t\t\t\t\t\t\t\t\t\t\t<\/div>\n\t\t\t\t<\/div>\n\t\t\t\t<\/div>\n\t\t<div class=\"elementor-element elementor-element-a1ebc2b e-con-full C e-flex e-con e-child\" data-id=\"a1ebc2b\" data-element_type=\"container\" data-e-type=\"container\" id=\"C\">\n\t\t\t\t<div class=\"elementor-element elementor-element-95424ce elementor-widget elementor-widget-heading\" data-id=\"95424ce\" data-element_type=\"widget\" data-e-type=\"widget\" data-widget_type=\"heading.default\">\n\t\t\t\t\t<h2 class=\"elementor-heading-title elementor-size-default\">Applications\n<\/h2>\t\t\t\t<\/div>\n\t\t\t\t<div class=\"elementor-element elementor-element-f5af240 elementor-pagination-type-bullets elementor-arrows-position-inside elementor-pagination-position-outside elementor-widget elementor-widget-n-carousel\" data-id=\"f5af240\" data-element_type=\"widget\" data-e-type=\"widget\" data-settings=\"{&quot;carousel_items&quot;:[{&quot;slide_title&quot;:&quot;Slide #1&quot;,&quot;_id&quot;:&quot;42f826d&quot;},{&quot;slide_title&quot;:&quot;Slide #2&quot;,&quot;_id&quot;:&quot;022f8f2&quot;},{&quot;slide_title&quot;:&quot;Slide #3&quot;,&quot;_id&quot;:&quot;9a209e3&quot;},{&quot;slide_title&quot;:&quot;Slide #4&quot;,&quot;_id&quot;:&quot;978beda&quot;},{&quot;slide_title&quot;:&quot;Slide #6&quot;,&quot;_id&quot;:&quot;c15c3ac&quot;}],&quot;slides_to_show&quot;:&quot;4&quot;,&quot;slides_to_scroll&quot;:&quot;1&quot;,&quot;autoplay_speed&quot;:4000,&quot;image_spacing_custom&quot;:{&quot;unit&quot;:&quot;px&quot;,&quot;size&quot;:0,&quot;sizes&quot;:[]},&quot;slides_to_show_laptop&quot;:&quot;3&quot;,&quot;slides_to_scroll_laptop&quot;:&quot;1&quot;,&quot;slides_to_show_tablet&quot;:&quot;2&quot;,&quot;slides_to_show_mobile&quot;:&quot;1&quot;,&quot;autoplay&quot;:&quot;yes&quot;,&quot;pause_on_hover&quot;:&quot;yes&quot;,&quot;pause_on_interaction&quot;:&quot;yes&quot;,&quot;infinite&quot;:&quot;yes&quot;,&quot;speed&quot;:500,&quot;offset_sides&quot;:&quot;none&quot;,&quot;arrows&quot;:&quot;yes&quot;,&quot;pagination&quot;:&quot;bullets&quot;,&quot;image_spacing_custom_laptop&quot;:{&quot;unit&quot;:&quot;px&quot;,&quot;size&quot;:&quot;&quot;,&quot;sizes&quot;:[]},&quot;image_spacing_custom_tablet&quot;:{&quot;unit&quot;:&quot;px&quot;,&quot;size&quot;:&quot;&quot;,&quot;sizes&quot;:[]},&quot;image_spacing_custom_mobile&quot;:{&quot;unit&quot;:&quot;px&quot;,&quot;size&quot;:&quot;&quot;,&quot;sizes&quot;:[]}}\" data-widget_type=\"nested-carousel.default\">\n\t\t\t\t\t\t\t<div class=\"e-n-carousel swiper\" role=\"region\" aria-roledescription=\"carousel\" aria-label=\"Carousel\" dir=\"ltr\">\n\t\t\t<div class=\"swiper-wrapper\" aria-live=\"off\">\n\t\t\t\t\t\t\t\t\t\t<div class=\"swiper-slide\" data-slide=\"1\" role=\"group\" aria-roledescription=\"slide\" aria-label=\"1 sur 5\">\n\t\t\t\t\t\t\t<div class=\"elementor-element elementor-element-26a5b89 e-flex e-con-boxed e-con e-child\" data-id=\"26a5b89\" data-element_type=\"container\" data-e-type=\"container\">\n\t\t\t\t\t<div class=\"e-con-inner\">\n\t\t\t\t<div class=\"elementor-element elementor-element-26c5be3 elementor-widget elementor-widget-image\" data-id=\"26c5be3\" data-element_type=\"widget\" data-e-type=\"widget\" data-widget_type=\"image.default\">\n\t\t\t\t\t\t\t\t\t\t\t\t\t\t\t<img decoding=\"async\" width=\"400\" height=\"300\" src=\"https:\/\/www.sinothermo.com\/wp-content\/uploads\/2024\/06\/Pharmaceutical.webp\" class=\"attachment-full size-full wp-image-13497\" alt=\"\" srcset=\"https:\/\/www.sinothermo.com\/wp-content\/uploads\/2024\/06\/Pharmaceutical.webp 400w, https:\/\/www.sinothermo.com\/wp-content\/uploads\/2024\/06\/Pharmaceutical-300x225.webp 300w, https:\/\/www.sinothermo.com\/wp-content\/uploads\/2024\/06\/Pharmaceutical-16x12.webp 16w\" sizes=\"(max-width: 400px) 100vw, 400px\" \/>\t\t\t\t\t\t\t\t\t\t\t\t\t\t\t<\/div>\n\t\t\t\t<div class=\"elementor-element elementor-element-4ef70bd elementor-widget elementor-widget-heading\" data-id=\"4ef70bd\" data-element_type=\"widget\" data-e-type=\"widget\" data-widget_type=\"heading.default\">\n\t\t\t\t\t<h2 class=\"elementor-heading-title elementor-size-default\">Pharmaceutical<\/h2>\t\t\t\t<\/div>\n\t\t\t\t<div class=\"elementor-element elementor-element-c78a493 elementor-widget elementor-widget-text-editor\" data-id=\"c78a493\" data-element_type=\"widget\" data-e-type=\"widget\" data-widget_type=\"text-editor.default\">\n\t\t\t\t\t\t\t\t\t<p>This mixer excels in blending ingredients for medication efficacy and uniformity.<\/p>\t\t\t\t\t\t\t\t<\/div>\n\t\t\t\t\t<\/div>\n\t\t\t\t<\/div>\n\t\t\t\t\t\t\t\t<\/div>\n\t\t\t\t\t\t\t\t\t\t\t<div class=\"swiper-slide\" data-slide=\"2\" role=\"group\" aria-roledescription=\"slide\" aria-label=\"2 sur 5\">\n\t\t\t\t\t\t\t<div class=\"elementor-element elementor-element-b583728 e-flex e-con-boxed e-con e-child\" data-id=\"b583728\" data-element_type=\"container\" data-e-type=\"container\">\n\t\t\t\t\t<div class=\"e-con-inner\">\n\t\t\t\t<div class=\"elementor-element elementor-element-26fff87 elementor-widget elementor-widget-image\" data-id=\"26fff87\" data-element_type=\"widget\" data-e-type=\"widget\" data-widget_type=\"image.default\">\n\t\t\t\t\t\t\t\t\t\t\t\t\t\t\t<img decoding=\"async\" width=\"400\" height=\"300\" src=\"https:\/\/www.sinothermo.com\/wp-content\/uploads\/2025\/12\/dried-fruits.webp\" class=\"attachment-full size-full wp-image-13511\" alt=\"\" srcset=\"https:\/\/www.sinothermo.com\/wp-content\/uploads\/2025\/12\/dried-fruits.webp 400w, https:\/\/www.sinothermo.com\/wp-content\/uploads\/2025\/12\/dried-fruits-300x225.webp 300w, https:\/\/www.sinothermo.com\/wp-content\/uploads\/2025\/12\/dried-fruits-16x12.webp 16w\" sizes=\"(max-width: 400px) 100vw, 400px\" \/>\t\t\t\t\t\t\t\t\t\t\t\t\t\t\t<\/div>\n\t\t\t\t<div class=\"elementor-element elementor-element-a311885 elementor-widget elementor-widget-heading\" data-id=\"a311885\" data-element_type=\"widget\" data-e-type=\"widget\" data-widget_type=\"heading.default\">\n\t\t\t\t\t<h2 class=\"elementor-heading-title elementor-size-default\">Food <\/h2>\t\t\t\t<\/div>\n\t\t\t\t<div class=\"elementor-element elementor-element-3d625d6 elementor-widget elementor-widget-text-editor\" data-id=\"3d625d6\" data-element_type=\"widget\" data-e-type=\"widget\" data-widget_type=\"text-editor.default\">\n\t\t\t\t\t\t\t\t\t<p>It is also great for mixing food ingredients like flour and spices to achieve quality and flavor.<\/p>\t\t\t\t\t\t\t\t<\/div>\n\t\t\t\t\t<\/div>\n\t\t\t\t<\/div>\n\t\t\t\t\t\t\t\t<\/div>\n\t\t\t\t\t\t\t\t\t\t\t<div class=\"swiper-slide\" data-slide=\"3\" role=\"group\" aria-roledescription=\"slide\" aria-label=\"3 sur 5\">\n\t\t\t\t\t\t\t<div class=\"elementor-element elementor-element-6629f16 e-flex e-con-boxed e-con e-child\" data-id=\"6629f16\" data-element_type=\"container\" data-e-type=\"container\">\n\t\t\t\t\t<div class=\"e-con-inner\">\n\t\t\t\t<div class=\"elementor-element elementor-element-7158f29 elementor-widget elementor-widget-image\" data-id=\"7158f29\" data-element_type=\"widget\" data-e-type=\"widget\" data-widget_type=\"image.default\">\n\t\t\t\t\t\t\t\t\t\t\t\t\t\t\t<img loading=\"lazy\" decoding=\"async\" width=\"400\" height=\"300\" src=\"https:\/\/www.sinothermo.com\/wp-content\/uploads\/2024\/06\/animal-feed.webp\" class=\"attachment-full size-full wp-image-13520\" alt=\"animal feed\" srcset=\"https:\/\/www.sinothermo.com\/wp-content\/uploads\/2024\/06\/animal-feed.webp 400w, https:\/\/www.sinothermo.com\/wp-content\/uploads\/2024\/06\/animal-feed-300x225.webp 300w, https:\/\/www.sinothermo.com\/wp-content\/uploads\/2024\/06\/animal-feed-16x12.webp 16w\" sizes=\"(max-width: 400px) 100vw, 400px\" \/>\t\t\t\t\t\t\t\t\t\t\t\t\t\t\t<\/div>\n\t\t\t\t<div class=\"elementor-element elementor-element-95b1a72 elementor-widget elementor-widget-heading\" data-id=\"95b1a72\" data-element_type=\"widget\" data-e-type=\"widget\" data-widget_type=\"heading.default\">\n\t\t\t\t\t<h2 class=\"elementor-heading-title elementor-size-default\">Animal Feed<\/h2>\t\t\t\t<\/div>\n\t\t\t\t<div class=\"elementor-element elementor-element-d2e37ee elementor-widget elementor-widget-text-editor\" data-id=\"d2e37ee\" data-element_type=\"widget\" data-e-type=\"widget\" data-widget_type=\"text-editor.default\">\n\t\t\t\t\t\t\t\t\t<p>It&#8217;s ideal for preparing animal feed with the Horizontal Ribbon Mixer to ensure balanced and homogeneous feed.<\/p>\t\t\t\t\t\t\t\t<\/div>\n\t\t\t\t\t<\/div>\n\t\t\t\t<\/div>\n\t\t\t\t\t\t\t\t<\/div>\n\t\t\t\t\t\t\t\t\t\t\t<div class=\"swiper-slide\" data-slide=\"4\" role=\"group\" aria-roledescription=\"slide\" aria-label=\"4 sur 5\">\n\t\t\t\t\t\t\t<div class=\"elementor-element elementor-element-8d2caca e-flex e-con-boxed e-con e-child\" data-id=\"8d2caca\" data-element_type=\"container\" data-e-type=\"container\">\n\t\t\t\t\t<div class=\"e-con-inner\">\n\t\t\t\t<div class=\"elementor-element elementor-element-d7df3fc elementor-widget elementor-widget-image\" data-id=\"d7df3fc\" data-element_type=\"widget\" data-e-type=\"widget\" data-widget_type=\"image.default\">\n\t\t\t\t\t\t\t\t\t\t\t\t\t\t\t<img loading=\"lazy\" decoding=\"async\" width=\"400\" height=\"300\" src=\"https:\/\/www.sinothermo.com\/wp-content\/uploads\/2024\/06\/plastic.webp\" class=\"attachment-full size-full wp-image-13498\" alt=\"Plastics\" srcset=\"https:\/\/www.sinothermo.com\/wp-content\/uploads\/2024\/06\/plastic.webp 400w, https:\/\/www.sinothermo.com\/wp-content\/uploads\/2024\/06\/plastic-300x225.webp 300w, https:\/\/www.sinothermo.com\/wp-content\/uploads\/2024\/06\/plastic-16x12.webp 16w\" sizes=\"(max-width: 400px) 100vw, 400px\" \/>\t\t\t\t\t\t\t\t\t\t\t\t\t\t\t<\/div>\n\t\t\t\t<div class=\"elementor-element elementor-element-e01d2af elementor-widget elementor-widget-heading\" data-id=\"e01d2af\" data-element_type=\"widget\" data-e-type=\"widget\" data-widget_type=\"heading.default\">\n\t\t\t\t\t<h2 class=\"elementor-heading-title elementor-size-default\">Plastics<\/h2>\t\t\t\t<\/div>\n\t\t\t\t<div class=\"elementor-element elementor-element-5f7c9ed elementor-widget elementor-widget-text-editor\" data-id=\"5f7c9ed\" data-element_type=\"widget\" data-e-type=\"widget\" data-widget_type=\"text-editor.default\">\n\t\t\t\t\t\t\t\t\t<p>It is employed to evenly mix plastics and rubber materials to enhance the end product&#8217;s quality and functionality.<\/p>\t\t\t\t\t\t\t\t<\/div>\n\t\t\t\t\t<\/div>\n\t\t\t\t<\/div>\n\t\t\t\t\t\t\t\t<\/div>\n\t\t\t\t\t\t\t\t\t\t\t<div class=\"swiper-slide\" data-slide=\"5\" role=\"group\" aria-roledescription=\"slide\" aria-label=\"5 sur 5\">\n\t\t\t\t\t\t\t<div class=\"elementor-element elementor-element-c6658b1 e-flex e-con-boxed e-con e-child\" data-id=\"c6658b1\" data-element_type=\"container\" data-e-type=\"container\">\n\t\t\t\t\t<div class=\"e-con-inner\">\n\t\t\t\t<div class=\"elementor-element elementor-element-0c54968 elementor-widget elementor-widget-image\" data-id=\"0c54968\" data-element_type=\"widget\" data-e-type=\"widget\" data-widget_type=\"image.default\">\n\t\t\t\t\t\t\t\t\t\t\t\t\t\t\t<img loading=\"lazy\" decoding=\"async\" width=\"400\" height=\"300\" src=\"https:\/\/www.sinothermo.com\/wp-content\/uploads\/2024\/06\/Construction.webp\" class=\"attachment-full size-full wp-image-13503\" alt=\"\" srcset=\"https:\/\/www.sinothermo.com\/wp-content\/uploads\/2024\/06\/Construction.webp 400w, https:\/\/www.sinothermo.com\/wp-content\/uploads\/2024\/06\/Construction-300x225.webp 300w, https:\/\/www.sinothermo.com\/wp-content\/uploads\/2024\/06\/Construction-16x12.webp 16w\" sizes=\"(max-width: 400px) 100vw, 400px\" \/>\t\t\t\t\t\t\t\t\t\t\t\t\t\t\t<\/div>\n\t\t\t\t<div class=\"elementor-element elementor-element-fdffdcb elementor-widget elementor-widget-heading\" data-id=\"fdffdcb\" data-element_type=\"widget\" data-e-type=\"widget\" data-widget_type=\"heading.default\">\n\t\t\t\t\t<h2 class=\"elementor-heading-title elementor-size-default\">Construction<\/h2>\t\t\t\t<\/div>\n\t\t\t\t<div class=\"elementor-element elementor-element-fab4101 elementor-widget elementor-widget-text-editor\" data-id=\"fab4101\" data-element_type=\"widget\" data-e-type=\"widget\" data-widget_type=\"text-editor.default\">\n\t\t\t\t\t\t\t\t\t<p>Additionally the Horizontal Ribbon Mixer effectively combines materials such as cement and sand for enhanced integrity and durability.<\/p>\t\t\t\t\t\t\t\t<\/div>\n\t\t\t\t\t<\/div>\n\t\t\t\t<\/div>\n\t\t\t\t\t\t\t\t<\/div>\n\t\t\t\t\t\t\t\t<\/div>\n\t\t<\/div>\n\t\t\t\t\t<div class=\"elementor-swiper-button elementor-swiper-button-prev\" role=\"button\" tabindex=\"0\" aria-label=\"Pr\u00e9c\u00e9dent\">\n\t\t\t\t<svg aria-hidden=\"true\" class=\"e-font-icon-svg e-eicon-chevron-left\" viewBox=\"0 0 1000 1000\" xmlns=\"http:\/\/www.w3.org\/2000\/svg\"><path d=\"M646 125C629 125 613 133 604 142L308 442C296 454 292 471 292 487 292 504 296 521 308 533L604 854C617 867 629 875 646 875 663 875 679 871 692 858 704 846 713 829 713 812 713 796 708 779 692 767L438 487 692 225C700 217 708 204 708 187 708 171 704 154 692 142 675 129 663 125 646 125Z\"><\/path><\/svg>\t\t\t<\/div>\n\t\t\t<div class=\"elementor-swiper-button elementor-swiper-button-next\" role=\"button\" tabindex=\"0\" aria-label=\"Suivant\">\n\t\t\t\t<svg aria-hidden=\"true\" class=\"e-font-icon-svg e-eicon-chevron-right\" viewBox=\"0 0 1000 1000\" xmlns=\"http:\/\/www.w3.org\/2000\/svg\"><path d=\"M696 533C708 521 713 504 713 487 713 471 708 454 696 446L400 146C388 133 375 125 354 125 338 125 325 129 313 142 300 154 292 171 292 187 292 204 296 221 308 233L563 492 304 771C292 783 288 800 288 817 288 833 296 850 308 863 321 871 338 875 354 875 371 875 388 867 400 854L696 533Z\"><\/path><\/svg>\t\t\t<\/div>\n\t\t\t\t\t<div class=\"swiper-pagination\"><\/div>\n\t\t\t\t\t\t<\/div>\n\t\t\t\t<\/div>\n\t\t\t\t<\/div>\n\t\t","protected":false},"excerpt":{"rendered":"<p><strong>\u00c9quip\u00e9 de bandes \u00e0 vis horizontales :<\/strong><br \/>\nLe m\u00e9langeur \u00e0 ruban horizontal permet de m\u00e9langer efficacement les mat\u00e9riaux. L'installation comprend un cylindre, avec un arbre et des courroies \u00e0 vis qui tournent \u00e0 vitesse \u00e9gale le long de l'axe x. Les courroies ext\u00e9rieures collectent les mat\u00e9riaux des deux extr\u00e9mit\u00e9s, vers le centre, tandis que les courroies int\u00e9rieures d\u00e9placent les mat\u00e9riaux du centre vers les extr\u00e9mit\u00e9s, favorisant ainsi le m\u00e9lange.<\/p>\n<p><strong>Entr\u00e9e : <\/strong>Poudres, granul\u00e9s, petites quantit\u00e9s de liquide<\/p>\n<p><strong>Type : <\/strong>M\u00e9lange \u00e0 sec, m\u00e9lange humide doux<\/p>","protected":false},"featured_media":10411,"template":"","meta":{"site-sidebar-layout":"default","site-content-layout":"","ast-site-content-layout":"default","site-content-style":"default","site-sidebar-style":"default","ast-global-header-display":"","ast-banner-title-visibility":"","ast-main-header-display":"","ast-hfb-above-header-display":"","ast-hfb-below-header-display":"","ast-hfb-mobile-header-display":"","site-post-title":"","ast-breadcrumbs-content":"","ast-featured-img":"","footer-sml-layout":"","ast-disable-related-posts":"","theme-transparent-header-meta":"default","adv-header-id-meta":"","stick-header-meta":"","header-above-stick-meta":"","header-main-stick-meta":"","header-below-stick-meta":"","astra-migrate-meta-layouts":"set","ast-page-background-enabled":"default","ast-page-background-meta":{"desktop":{"background-color":"var(--ast-global-color-4)","background-image":"","background-repeat":"repeat","background-position":"center center","background-size":"auto","background-attachment":"scroll","background-type":"","background-media":"","overlay-type":"","overlay-color":"","overlay-opacity":"","overlay-gradient":""},"tablet":{"background-color":"","background-image":"","background-repeat":"repeat","background-position":"center center","background-size":"auto","background-attachment":"scroll","background-type":"","background-media":"","overlay-type":"","overlay-color":"","overlay-opacity":"","overlay-gradient":""},"mobile":{"background-color":"","background-image":"","background-repeat":"repeat","background-position":"center center","background-size":"auto","background-attachment":"scroll","background-type":"","background-media":"","overlay-type":"","overlay-color":"","overlay-opacity":"","overlay-gradient":""}},"ast-content-background-meta":{"desktop":{"background-color":"var(--ast-global-color-5)","background-image":"","background-repeat":"repeat","background-position":"center center","background-size":"auto","background-attachment":"scroll","background-type":"","background-media":"","overlay-type":"","overlay-color":"","overlay-opacity":"","overlay-gradient":""},"tablet":{"background-color":"var(--ast-global-color-5)","background-image":"","background-repeat":"repeat","background-position":"center center","background-size":"auto","background-attachment":"scroll","background-type":"","background-media":"","overlay-type":"","overlay-color":"","overlay-opacity":"","overlay-gradient":""},"mobile":{"background-color":"var(--ast-global-color-5)","background-image":"","background-repeat":"repeat","background-position":"center center","background-size":"auto","background-attachment":"scroll","background-type":"","background-media":"","overlay-type":"","overlay-color":"","overlay-opacity":"","overlay-gradient":""}},"_vp_format_video_url":"","_vp_image_focal_point":[]},"product_brand":[],"product_cat":[48,23,88],"product_tag":[],"class_list":{"0":"post-143","1":"product","2":"type-product","3":"status-publish","4":"has-post-thumbnail","6":"product_cat-horizontal-mixer","7":"product_cat-mixer-and-blender","8":"product_cat-ribbon-blender","9":"pa_scale-mass-industrial-production","10":"pa_sectors-aerospace","11":"pa_sectors-agricultures","12":"pa_sectors-animal-feed-and-pet-food","13":"pa_sectors-automobile","14":"pa_sectors-biologics","15":"pa_sectors-chemicals","16":"pa_sectors-cosmetics","17":"pa_sectors-dairy","18":"pa_sectors-electronics","19":"pa_sectors-foods","20":"pa_sectors-herbals","21":"pa_sectors-new-energy","22":"pa_sectors-petroleum-and-petrochemicals","23":"pa_sectors-pharmaceuticals","24":"pa_sectors-plastics","25":"pa_sectors-solid-beverage","26":"pa_sectors-spices-and-flavorings","27":"pa_sectors-veterinary-medicine","28":"pa_technologies-dry-mixing","29":"pa_technologies-high-viscosity-materials-mixing","30":"pa_technologies-wet-blending","31":"desktop-align-left","32":"tablet-align-left","33":"mobile-align-left","35":"first","36":"instock","37":"shipping-taxable","38":"product-type-simple"},"_links":{"self":[{"href":"https:\/\/www.sinothermo.com\/fr\/wp-json\/wp\/v2\/product\/143","targetHints":{"allow":["GET"]}}],"collection":[{"href":"https:\/\/www.sinothermo.com\/fr\/wp-json\/wp\/v2\/product"}],"about":[{"href":"https:\/\/www.sinothermo.com\/fr\/wp-json\/wp\/v2\/types\/product"}],"version-history":[{"count":26,"href":"https:\/\/www.sinothermo.com\/fr\/wp-json\/wp\/v2\/product\/143\/revisions"}],"predecessor-version":[{"id":14667,"href":"https:\/\/www.sinothermo.com\/fr\/wp-json\/wp\/v2\/product\/143\/revisions\/14667"}],"wp:featuredmedia":[{"embeddable":true,"href":"https:\/\/www.sinothermo.com\/fr\/wp-json\/wp\/v2\/media\/10411"}],"wp:attachment":[{"href":"https:\/\/www.sinothermo.com\/fr\/wp-json\/wp\/v2\/media?parent=143"}],"wp:term":[{"taxonomy":"product_brand","embeddable":true,"href":"https:\/\/www.sinothermo.com\/fr\/wp-json\/wp\/v2\/product_brand?post=143"},{"taxonomy":"product_cat","embeddable":true,"href":"https:\/\/www.sinothermo.com\/fr\/wp-json\/wp\/v2\/product_cat?post=143"},{"taxonomy":"product_tag","embeddable":true,"href":"https:\/\/www.sinothermo.com\/fr\/wp-json\/wp\/v2\/product_tag?post=143"}],"curies":[{"name":"wp","href":"https:\/\/api.w.org\/{rel}","templated":true}]}}