{"id":58,"date":"2023-07-22T05:13:43","date_gmt":"2023-07-22T05:13:43","guid":{"rendered":"https:\/\/www.sinothermo.com\/?post_type=product&#038;p=58"},"modified":"2026-03-18T14:56:18","modified_gmt":"2026-03-18T06:56:18","slug":"vacuum-vertical-plate-dryer","status":"publish","type":"product","link":"https:\/\/www.sinothermo.com\/vi\/products\/vacuum-vertical-plate-dryer\/","title":{"rendered":"M\u00e1y s\u1ea5y ch\u00e2n kh\u00f4ng d\u1ea1ng \u0111\u1ee9ng PLG"},"content":{"rendered":"\t\t<div data-elementor-type=\"product-post\" data-elementor-id=\"58\" class=\"elementor elementor-58\" data-elementor-post-type=\"product\">\n\t\t\t\t<div class=\"elementor-element elementor-element-f2f61f2 elementor-hidden-tablet elementor-hidden-mobile e-flex e-con-boxed elementor-invisible e-con e-parent\" data-id=\"f2f61f2\" data-element_type=\"container\" data-e-type=\"container\" data-settings=\"{&quot;background_background&quot;:&quot;classic&quot;,&quot;sticky&quot;:&quot;top&quot;,&quot;sticky_offset&quot;:85,&quot;animation&quot;:&quot;fadeInDown&quot;,&quot;sticky_on&quot;:[&quot;desktop&quot;,&quot;laptop&quot;,&quot;tablet&quot;,&quot;mobile&quot;],&quot;sticky_effects_offset&quot;:0,&quot;sticky_anchor_link_offset&quot;:0}\">\n\t\t\t\t\t<div class=\"e-con-inner\">\n\t\t\t\t<div class=\"elementor-element elementor-element-d454fce elementor-icon-list--layout-inline elementor-list-item-link-full_width elementor-widget elementor-widget-icon-list\" data-id=\"d454fce\" data-element_type=\"widget\" data-e-type=\"widget\" data-widget_type=\"icon-list.default\">\n\t\t\t\t\t\t\t<ul class=\"elementor-icon-list-items elementor-inline-items\">\n\t\t\t\t\t\t\t<li class=\"elementor-icon-list-item elementor-inline-item\">\n\t\t\t\t\t\t\t\t\t\t\t<a href=\"#A\">\n\n\t\t\t\t\t\t\t\t\t\t\t<span class=\"elementor-icon-list-text\">Key Features<\/span>\n\t\t\t\t\t\t\t\t\t\t\t<\/a>\n\t\t\t\t\t\t\t\t\t<\/li>\n\t\t\t\t\t\t\t\t<li class=\"elementor-icon-list-item elementor-inline-item\">\n\t\t\t\t\t\t\t\t\t\t\t<a href=\"#C\">\n\n\t\t\t\t\t\t\t\t\t\t\t<span class=\"elementor-icon-list-text\">Applications<\/span>\n\t\t\t\t\t\t\t\t\t\t\t<\/a>\n\t\t\t\t\t\t\t\t\t<\/li>\n\t\t\t\t\t\t\t\t<li class=\"elementor-icon-list-item elementor-inline-item\">\n\t\t\t\t\t\t\t\t\t\t\t<a href=\"#D\">\n\n\t\t\t\t\t\t\t\t\t\t\t<span class=\"elementor-icon-list-text\">Services<\/span>\n\t\t\t\t\t\t\t\t\t\t\t<\/a>\n\t\t\t\t\t\t\t\t\t<\/li>\n\t\t\t\t\t\t\t\t<li class=\"elementor-icon-list-item elementor-inline-item\">\n\t\t\t\t\t\t\t\t\t\t\t<a href=\"#E\">\n\n\t\t\t\t\t\t\t\t\t\t\t<span class=\"elementor-icon-list-text\">Related Products<\/span>\n\t\t\t\t\t\t\t\t\t\t\t<\/a>\n\t\t\t\t\t\t\t\t\t<\/li>\n\t\t\t\t\t\t<\/ul>\n\t\t\t\t\t\t<\/div>\n\t\t\t\t\t<\/div>\n\t\t\t\t<\/div>\n\t\t<div class=\"elementor-element elementor-element-9b2355f e-con-full A e-flex e-con e-child\" data-id=\"9b2355f\" data-element_type=\"container\" data-e-type=\"container\" id=\"A\">\n\t\t<div class=\"elementor-element elementor-element-8d6b8e1 e-con-full e-flex e-con e-child\" data-id=\"8d6b8e1\" data-element_type=\"container\" data-e-type=\"container\">\n\t\t\t\t<div class=\"elementor-element elementor-element-15398c6 elementor-widget elementor-widget-heading\" data-id=\"15398c6\" data-element_type=\"widget\" data-e-type=\"widget\" data-widget_type=\"heading.default\">\n\t\t\t\t\t<h2 class=\"elementor-heading-title elementor-size-default\">Versatile Giant in Plate Dryer Technology<\/h2>\t\t\t\t<\/div>\n\t\t\t\t<div class=\"elementor-element elementor-element-bbfbf7a elementor-widget elementor-widget-text-editor\" data-id=\"bbfbf7a\" data-element_type=\"widget\" data-e-type=\"widget\" data-widget_type=\"text-editor.default\">\n\t\t\t\t\t\t\t\t\t<p>The Plate Dryer enhances drying effectiveness through its continuous drying method and multi layer plate design. It is designed for scale drying, saving energy and protecting delicate materials by operating at lower temperatures. This method reduces heat loss enhances product quality and provides efficiency advantages.<\/p>\t\t\t\t\t\t\t\t<\/div>\n\t\t\t\t<div class=\"elementor-element elementor-element-8e7e9a3 elementor-icon-list--layout-traditional elementor-list-item-link-full_width elementor-widget elementor-widget-icon-list\" data-id=\"8e7e9a3\" data-element_type=\"widget\" data-e-type=\"widget\" data-widget_type=\"icon-list.default\">\n\t\t\t\t\t\t\t<ul class=\"elementor-icon-list-items\">\n\t\t\t\t\t\t\t<li class=\"elementor-icon-list-item\">\n\t\t\t\t\t\t\t\t\t\t<span class=\"elementor-icon-list-text\">Utilizing plate drying technology for efficient and even drying across all materials.<\/span>\n\t\t\t\t\t\t\t\t\t<\/li>\n\t\t\t\t\t\t\t\t<li class=\"elementor-icon-list-item\">\n\t\t\t\t\t\t\t\t\t\t<span class=\"elementor-icon-list-text\">Well suited for large scale processing with the Turbo Dryer ensuring outcomes for materials.<\/span>\n\t\t\t\t\t\t\t\t\t<\/li>\n\t\t\t\t\t\t\t\t<li class=\"elementor-icon-list-item\">\n\t\t\t\t\t\t\t\t\t\t<span class=\"elementor-icon-list-text\">Operating at temperatures to protect heat materials from harm.<\/span>\n\t\t\t\t\t\t\t\t\t<\/li>\n\t\t\t\t\t\t\t\t<li class=\"elementor-icon-list-item\">\n\t\t\t\t\t\t\t\t\t\t<span class=\"elementor-icon-list-text\">Significantly reducing heat loss to improve the quality of dried products.<\/span>\n\t\t\t\t\t\t\t\t\t<\/li>\n\t\t\t\t\t\t\t\t<li class=\"elementor-icon-list-item\">\n\t\t\t\t\t\t\t\t\t\t<span class=\"elementor-icon-list-text\">Featuring an automated system that boosts production efficiency in Continuous Plate Dryer operations.<\/span>\n\t\t\t\t\t\t\t\t\t<\/li>\n\t\t\t\t\t\t<\/ul>\n\t\t\t\t\t\t<\/div>\n\t\t\t\t<\/div>\n\t\t<div class=\"elementor-element elementor-element-40c002e e-con-full e-flex e-con e-child\" data-id=\"40c002e\" data-element_type=\"container\" data-e-type=\"container\">\n\t\t\t\t<div class=\"elementor-element elementor-element-c366d4e elementor-widget elementor-widget-image\" data-id=\"c366d4e\" data-element_type=\"widget\" data-e-type=\"widget\" data-widget_type=\"image.default\">\n\t\t\t\t\t\t\t\t\t\t\t\t\t\t\t<img fetchpriority=\"high\" decoding=\"async\" width=\"768\" height=\"1024\" src=\"https:\/\/www.sinothermo.com\/wp-content\/uploads\/2023\/07\/plate-dryer-768x1024.webp\" class=\"attachment-large size-large wp-image-13485\" alt=\"\" srcset=\"https:\/\/www.sinothermo.com\/wp-content\/uploads\/2023\/07\/plate-dryer-768x1024.webp 768w, https:\/\/www.sinothermo.com\/wp-content\/uploads\/2023\/07\/plate-dryer-225x300.webp 225w, https:\/\/www.sinothermo.com\/wp-content\/uploads\/2023\/07\/plate-dryer-9x12.webp 9w, https:\/\/www.sinothermo.com\/wp-content\/uploads\/2023\/07\/plate-dryer-500x667.webp 500w, https:\/\/www.sinothermo.com\/wp-content\/uploads\/2023\/07\/plate-dryer-800x1067.webp 800w, https:\/\/www.sinothermo.com\/wp-content\/uploads\/2023\/07\/plate-dryer-450x600.webp 450w, https:\/\/www.sinothermo.com\/wp-content\/uploads\/2023\/07\/plate-dryer-600x800.webp 600w, https:\/\/www.sinothermo.com\/wp-content\/uploads\/2023\/07\/plate-dryer.webp 960w\" sizes=\"(max-width: 768px) 100vw, 768px\" \/>\t\t\t\t\t\t\t\t\t\t\t\t\t\t\t<\/div>\n\t\t\t\t<\/div>\n\t\t\t\t<\/div>\n\t\t<div class=\"elementor-element elementor-element-a5a1dd2 e-con-full C e-flex e-con e-child\" data-id=\"a5a1dd2\" data-element_type=\"container\" data-e-type=\"container\" id=\"C\">\n\t\t\t\t<div class=\"elementor-element elementor-element-589b25c elementor-widget elementor-widget-heading\" data-id=\"589b25c\" data-element_type=\"widget\" data-e-type=\"widget\" data-widget_type=\"heading.default\">\n\t\t\t\t\t<h2 class=\"elementor-heading-title elementor-size-default\">Applications\n<\/h2>\t\t\t\t<\/div>\n\t\t\t\t<div class=\"elementor-element elementor-element-1f7740c elementor-pagination-type-bullets elementor-arrows-position-inside elementor-pagination-position-outside elementor-widget elementor-widget-n-carousel\" data-id=\"1f7740c\" data-element_type=\"widget\" data-e-type=\"widget\" data-settings=\"{&quot;carousel_items&quot;:[{&quot;slide_title&quot;:&quot;Slide #1&quot;,&quot;_id&quot;:&quot;42f826d&quot;},{&quot;slide_title&quot;:&quot;Slide #2&quot;,&quot;_id&quot;:&quot;022f8f2&quot;},{&quot;slide_title&quot;:&quot;Slide #3&quot;,&quot;_id&quot;:&quot;9a209e3&quot;},{&quot;slide_title&quot;:&quot;Slide #4&quot;,&quot;_id&quot;:&quot;978beda&quot;},{&quot;slide_title&quot;:&quot;Slide #5&quot;,&quot;_id&quot;:&quot;74928db&quot;}],&quot;slides_to_show&quot;:&quot;4&quot;,&quot;slides_to_scroll&quot;:&quot;1&quot;,&quot;autoplay_speed&quot;:4000,&quot;image_spacing_custom&quot;:{&quot;unit&quot;:&quot;px&quot;,&quot;size&quot;:0,&quot;sizes&quot;:[]},&quot;slides_to_show_laptop&quot;:&quot;3&quot;,&quot;slides_to_scroll_laptop&quot;:&quot;1&quot;,&quot;slides_to_show_tablet&quot;:&quot;2&quot;,&quot;slides_to_show_mobile&quot;:&quot;1&quot;,&quot;autoplay&quot;:&quot;yes&quot;,&quot;pause_on_hover&quot;:&quot;yes&quot;,&quot;pause_on_interaction&quot;:&quot;yes&quot;,&quot;infinite&quot;:&quot;yes&quot;,&quot;speed&quot;:500,&quot;offset_sides&quot;:&quot;none&quot;,&quot;arrows&quot;:&quot;yes&quot;,&quot;pagination&quot;:&quot;bullets&quot;,&quot;image_spacing_custom_laptop&quot;:{&quot;unit&quot;:&quot;px&quot;,&quot;size&quot;:&quot;&quot;,&quot;sizes&quot;:[]},&quot;image_spacing_custom_tablet&quot;:{&quot;unit&quot;:&quot;px&quot;,&quot;size&quot;:&quot;&quot;,&quot;sizes&quot;:[]},&quot;image_spacing_custom_mobile&quot;:{&quot;unit&quot;:&quot;px&quot;,&quot;size&quot;:&quot;&quot;,&quot;sizes&quot;:[]}}\" data-widget_type=\"nested-carousel.default\">\n\t\t\t\t\t\t\t<div class=\"e-n-carousel swiper\" role=\"region\" aria-roledescription=\"carousel\" aria-label=\"Carousel\" dir=\"ltr\">\n\t\t\t<div class=\"swiper-wrapper\" aria-live=\"off\">\n\t\t\t\t\t\t\t\t\t\t<div class=\"swiper-slide\" data-slide=\"1\" role=\"group\" aria-roledescription=\"slide\" aria-label=\"1 of 5\">\n\t\t\t\t\t\t\t<div class=\"elementor-element elementor-element-9a451c5 e-flex e-con-boxed e-con e-child\" data-id=\"9a451c5\" data-element_type=\"container\" data-e-type=\"container\">\n\t\t\t\t\t<div class=\"e-con-inner\">\n\t\t\t\t<div class=\"elementor-element elementor-element-c748911 elementor-widget elementor-widget-image\" data-id=\"c748911\" data-element_type=\"widget\" data-e-type=\"widget\" data-widget_type=\"image.default\">\n\t\t\t\t\t\t\t\t\t\t\t\t\t\t\t<img decoding=\"async\" width=\"400\" height=\"300\" src=\"https:\/\/www.sinothermo.com\/wp-content\/uploads\/2024\/06\/Pharmaceutical.webp\" class=\"attachment-full size-full wp-image-13497\" alt=\"\" srcset=\"https:\/\/www.sinothermo.com\/wp-content\/uploads\/2024\/06\/Pharmaceutical.webp 400w, https:\/\/www.sinothermo.com\/wp-content\/uploads\/2024\/06\/Pharmaceutical-300x225.webp 300w, https:\/\/www.sinothermo.com\/wp-content\/uploads\/2024\/06\/Pharmaceutical-16x12.webp 16w\" sizes=\"(max-width: 400px) 100vw, 400px\" \/>\t\t\t\t\t\t\t\t\t\t\t\t\t\t\t<\/div>\n\t\t\t\t<div class=\"elementor-element elementor-element-df3d1e9 elementor-widget elementor-widget-heading\" data-id=\"df3d1e9\" data-element_type=\"widget\" data-e-type=\"widget\" data-widget_type=\"heading.default\">\n\t\t\t\t\t<h2 class=\"elementor-heading-title elementor-size-default\">Pharmaceutical<\/h2>\t\t\t\t<\/div>\n\t\t\t\t<div class=\"elementor-element elementor-element-0bc9039 elementor-widget elementor-widget-text-editor\" data-id=\"0bc9039\" data-element_type=\"widget\" data-e-type=\"widget\" data-widget_type=\"text-editor.default\">\n\t\t\t\t\t\t\t\t\t<p>The dryer is crucial for drying materials while effectively preserving the stability of active ingredients.<\/p>\t\t\t\t\t\t\t\t<\/div>\n\t\t\t\t\t<\/div>\n\t\t\t\t<\/div>\n\t\t\t\t\t\t\t\t<\/div>\n\t\t\t\t\t\t\t\t\t\t\t<div class=\"swiper-slide\" data-slide=\"2\" role=\"group\" aria-roledescription=\"slide\" aria-label=\"2 of 5\">\n\t\t\t\t\t\t\t<div class=\"elementor-element elementor-element-8daced3 e-flex e-con-boxed e-con e-child\" data-id=\"8daced3\" data-element_type=\"container\" data-e-type=\"container\">\n\t\t\t\t\t<div class=\"e-con-inner\">\n\t\t\t\t<div class=\"elementor-element elementor-element-d513b9a elementor-widget elementor-widget-image\" data-id=\"d513b9a\" data-element_type=\"widget\" data-e-type=\"widget\" data-widget_type=\"image.default\">\n\t\t\t\t\t\t\t\t\t\t\t\t\t\t\t<img decoding=\"async\" width=\"400\" height=\"300\" src=\"https:\/\/www.sinothermo.com\/wp-content\/uploads\/2025\/12\/dried-fruits.webp\" class=\"attachment-full size-full wp-image-13511\" alt=\"\" srcset=\"https:\/\/www.sinothermo.com\/wp-content\/uploads\/2025\/12\/dried-fruits.webp 400w, https:\/\/www.sinothermo.com\/wp-content\/uploads\/2025\/12\/dried-fruits-300x225.webp 300w, https:\/\/www.sinothermo.com\/wp-content\/uploads\/2025\/12\/dried-fruits-16x12.webp 16w\" sizes=\"(max-width: 400px) 100vw, 400px\" \/>\t\t\t\t\t\t\t\t\t\t\t\t\t\t\t<\/div>\n\t\t\t\t<div class=\"elementor-element elementor-element-5844f81 elementor-widget elementor-widget-heading\" data-id=\"5844f81\" data-element_type=\"widget\" data-e-type=\"widget\" data-widget_type=\"heading.default\">\n\t\t\t\t\t<h2 class=\"elementor-heading-title elementor-size-default\">Food <\/h2>\t\t\t\t<\/div>\n\t\t\t\t<div class=\"elementor-element elementor-element-b10e77c elementor-widget elementor-widget-text-editor\" data-id=\"b10e77c\" data-element_type=\"widget\" data-e-type=\"widget\" data-widget_type=\"text-editor.default\">\n\t\t\t\t\t\t\t\t\t<p>Ideal for food ingredients and additives this dryer maintains nutrition and flavor highlighting the versatility of the Vacuum Plate Dryer.<\/p>\t\t\t\t\t\t\t\t<\/div>\n\t\t\t\t\t<\/div>\n\t\t\t\t<\/div>\n\t\t\t\t\t\t\t\t<\/div>\n\t\t\t\t\t\t\t\t\t\t\t<div class=\"swiper-slide\" data-slide=\"3\" role=\"group\" aria-roledescription=\"slide\" aria-label=\"3 of 5\">\n\t\t\t\t\t\t\t<div class=\"elementor-element elementor-element-d890c90 e-flex e-con-boxed e-con e-child\" data-id=\"d890c90\" data-element_type=\"container\" data-e-type=\"container\">\n\t\t\t\t\t<div class=\"e-con-inner\">\n\t\t\t\t<div class=\"elementor-element elementor-element-95fceea elementor-widget elementor-widget-image\" data-id=\"95fceea\" data-element_type=\"widget\" data-e-type=\"widget\" data-widget_type=\"image.default\">\n\t\t\t\t\t\t\t\t\t\t\t\t\t\t\t<img loading=\"lazy\" decoding=\"async\" width=\"400\" height=\"300\" src=\"https:\/\/www.sinothermo.com\/wp-content\/uploads\/2024\/06\/Ceramics.webp\" class=\"attachment-full size-full wp-image-13501\" alt=\"\" srcset=\"https:\/\/www.sinothermo.com\/wp-content\/uploads\/2024\/06\/Ceramics.webp 400w, https:\/\/www.sinothermo.com\/wp-content\/uploads\/2024\/06\/Ceramics-300x225.webp 300w, https:\/\/www.sinothermo.com\/wp-content\/uploads\/2024\/06\/Ceramics-16x12.webp 16w\" sizes=\"(max-width: 400px) 100vw, 400px\" \/>\t\t\t\t\t\t\t\t\t\t\t\t\t\t\t<\/div>\n\t\t\t\t<div class=\"elementor-element elementor-element-7d2d46e elementor-widget elementor-widget-heading\" data-id=\"7d2d46e\" data-element_type=\"widget\" data-e-type=\"widget\" data-widget_type=\"heading.default\">\n\t\t\t\t\t<h2 class=\"elementor-heading-title elementor-size-default\">Ceramic<\/h2>\t\t\t\t<\/div>\n\t\t\t\t<div class=\"elementor-element elementor-element-028ad33 elementor-widget elementor-widget-text-editor\" data-id=\"028ad33\" data-element_type=\"widget\" data-e-type=\"widget\" data-widget_type=\"text-editor.default\">\n\t\t\t\t\t\t\t\t\t<p>Ideal, for the drying of powders and granules to maintain the high quality of the final products.<\/p>\t\t\t\t\t\t\t\t<\/div>\n\t\t\t\t\t<\/div>\n\t\t\t\t<\/div>\n\t\t\t\t\t\t\t\t<\/div>\n\t\t\t\t\t\t\t\t\t\t\t<div class=\"swiper-slide\" data-slide=\"4\" role=\"group\" aria-roledescription=\"slide\" aria-label=\"4 of 5\">\n\t\t\t\t\t\t\t<div class=\"elementor-element elementor-element-5abb864 e-flex e-con-boxed e-con e-child\" data-id=\"5abb864\" data-element_type=\"container\" data-e-type=\"container\">\n\t\t\t\t\t<div class=\"e-con-inner\">\n\t\t\t\t<div class=\"elementor-element elementor-element-e2a3850 elementor-widget elementor-widget-image\" data-id=\"e2a3850\" data-element_type=\"widget\" data-e-type=\"widget\" data-widget_type=\"image.default\">\n\t\t\t\t\t\t\t\t\t\t\t\t\t\t\t<img loading=\"lazy\" decoding=\"async\" width=\"400\" height=\"300\" src=\"https:\/\/www.sinothermo.com\/wp-content\/uploads\/2024\/06\/Environment.webp\" class=\"attachment-full size-full wp-image-13505\" alt=\"\" srcset=\"https:\/\/www.sinothermo.com\/wp-content\/uploads\/2024\/06\/Environment.webp 400w, https:\/\/www.sinothermo.com\/wp-content\/uploads\/2024\/06\/Environment-300x225.webp 300w, https:\/\/www.sinothermo.com\/wp-content\/uploads\/2024\/06\/Environment-16x12.webp 16w\" sizes=\"(max-width: 400px) 100vw, 400px\" \/>\t\t\t\t\t\t\t\t\t\t\t\t\t\t\t<\/div>\n\t\t\t\t<div class=\"elementor-element elementor-element-5bed6e6 elementor-widget elementor-widget-heading\" data-id=\"5bed6e6\" data-element_type=\"widget\" data-e-type=\"widget\" data-widget_type=\"heading.default\">\n\t\t\t\t\t<h2 class=\"elementor-heading-title elementor-size-default\">Environment<\/h2>\t\t\t\t<\/div>\n\t\t\t\t<div class=\"elementor-element elementor-element-7f45869 elementor-widget elementor-widget-text-editor\" data-id=\"7f45869\" data-element_type=\"widget\" data-e-type=\"widget\" data-widget_type=\"text-editor.default\">\n\t\t\t\t\t\t\t\t\t<p>Effectively dries waste and recycled materials enhancing material recovery and efficient utilization.<\/p>\t\t\t\t\t\t\t\t<\/div>\n\t\t\t\t\t<\/div>\n\t\t\t\t<\/div>\n\t\t\t\t\t\t\t\t<\/div>\n\t\t\t\t\t\t\t\t\t\t\t<div class=\"swiper-slide\" data-slide=\"5\" role=\"group\" aria-roledescription=\"slide\" aria-label=\"5 of 5\">\n\t\t\t\t\t\t\t<div class=\"elementor-element elementor-element-7aa5c54 e-flex e-con-boxed e-con e-child\" data-id=\"7aa5c54\" data-element_type=\"container\" data-e-type=\"container\">\n\t\t\t\t\t<div class=\"e-con-inner\">\n\t\t\t\t<div class=\"elementor-element elementor-element-81ec24e elementor-widget elementor-widget-image\" data-id=\"81ec24e\" data-element_type=\"widget\" data-e-type=\"widget\" data-widget_type=\"image.default\">\n\t\t\t\t\t\t\t\t\t\t\t\t\t\t\t<img loading=\"lazy\" decoding=\"async\" width=\"400\" height=\"300\" src=\"https:\/\/www.sinothermo.com\/wp-content\/uploads\/2024\/06\/Agriculture-1.webp\" class=\"attachment-full size-full wp-image-13500\" alt=\"\" srcset=\"https:\/\/www.sinothermo.com\/wp-content\/uploads\/2024\/06\/Agriculture-1.webp 400w, https:\/\/www.sinothermo.com\/wp-content\/uploads\/2024\/06\/Agriculture-1-300x225.webp 300w, https:\/\/www.sinothermo.com\/wp-content\/uploads\/2024\/06\/Agriculture-1-16x12.webp 16w\" sizes=\"(max-width: 400px) 100vw, 400px\" \/>\t\t\t\t\t\t\t\t\t\t\t\t\t\t\t<\/div>\n\t\t\t\t<div class=\"elementor-element elementor-element-2da95d8 elementor-widget elementor-widget-heading\" data-id=\"2da95d8\" data-element_type=\"widget\" data-e-type=\"widget\" data-widget_type=\"heading.default\">\n\t\t\t\t\t<h2 class=\"elementor-heading-title elementor-size-default\">Agriculture\u00a0<\/h2>\t\t\t\t<\/div>\n\t\t\t\t<div class=\"elementor-element elementor-element-7c1af39 elementor-widget elementor-widget-text-editor\" data-id=\"7c1af39\" data-element_type=\"widget\" data-e-type=\"widget\" data-widget_type=\"text-editor.default\">\n\t\t\t\t\t\t\t\t\t<p>Efficiently dries products such, as grains, fruits and vegetables to enhance storage and processing quality.<\/p>\t\t\t\t\t\t\t\t<\/div>\n\t\t\t\t\t<\/div>\n\t\t\t\t<\/div>\n\t\t\t\t\t\t\t\t<\/div>\n\t\t\t\t\t\t\t\t<\/div>\n\t\t<\/div>\n\t\t\t\t\t<div class=\"elementor-swiper-button elementor-swiper-button-prev\" role=\"button\" tabindex=\"0\" aria-label=\"Previous\">\n\t\t\t\t<svg aria-hidden=\"true\" class=\"e-font-icon-svg e-eicon-chevron-left\" viewBox=\"0 0 1000 1000\" xmlns=\"http:\/\/www.w3.org\/2000\/svg\"><path d=\"M646 125C629 125 613 133 604 142L308 442C296 454 292 471 292 487 292 504 296 521 308 533L604 854C617 867 629 875 646 875 663 875 679 871 692 858 704 846 713 829 713 812 713 796 708 779 692 767L438 487 692 225C700 217 708 204 708 187 708 171 704 154 692 142 675 129 663 125 646 125Z\"><\/path><\/svg>\t\t\t<\/div>\n\t\t\t<div class=\"elementor-swiper-button elementor-swiper-button-next\" role=\"button\" tabindex=\"0\" aria-label=\"Next\">\n\t\t\t\t<svg aria-hidden=\"true\" class=\"e-font-icon-svg e-eicon-chevron-right\" viewBox=\"0 0 1000 1000\" xmlns=\"http:\/\/www.w3.org\/2000\/svg\"><path d=\"M696 533C708 521 713 504 713 487 713 471 708 454 696 446L400 146C388 133 375 125 354 125 338 125 325 129 313 142 300 154 292 171 292 187 292 204 296 221 308 233L563 492 304 771C292 783 288 800 288 817 288 833 296 850 308 863 321 871 338 875 354 875 371 875 388 867 400 854L696 533Z\"><\/path><\/svg>\t\t\t<\/div>\n\t\t\t\t\t<div class=\"swiper-pagination\"><\/div>\n\t\t\t\t\t\t<\/div>\n\t\t\t\t<\/div>\n\t\t\t\t<\/div>\n\t\t","protected":false},"excerpt":{"rendered":"<p><strong>M\u00e1y s\u1ea5y ch\u00e2n kh\u00f4ng li\u00ean t\u1ee5c hi\u1ec7u qu\u1ea3:<\/strong><br \/>\nM\u00e1y s\u1ea5y ch\u00e2n kh\u00f4ng d\u1ea1ng \u0111\u0129a k\u1ebft h\u1ee3p c\u00e1c \u0111\u0129a \u0111\u1ec3 gia nhi\u1ec7t hi\u1ec7u qu\u1ea3, cung c\u1ea5p b\u1ec1 m\u1eb7t gia nhi\u1ec7t r\u1ed9ng r\u00e3i trong m\u1ed9t b\u1ed1 c\u1ee5c nh\u1ecf g\u1ecdn. N\u00f3 v\u01b0\u1ee3t tr\u1ed9i trong c\u00e1c ho\u1ea1t \u0111\u1ed9ng ch\u00e2n kh\u00f4ng \u1edf nhi\u1ec7t \u0111\u1ed9 l\u00fd t\u01b0\u1edfng \u0111\u1ec3 x\u1eed l\u00fd c\u00e1c v\u1eadt li\u1ec7u d\u1ec5 ch\u00e1y, n\u1ed5 v\u00e0 nh\u1ea1y nhi\u1ec7t.<\/p>\n<p><strong>\u0110\u1ea7u v\u00e0o: <\/strong>B\u1ed9t r\u1eddi, H\u1ea1t<\/p>\n<p><strong>\u0110\u1ea7u ra: <\/strong>B\u1ed9t, H\u1ea1t c\u00f3 h\u00e0m l\u01b0\u1ee3ng \u1ea9m 3%-8%<\/p>\n<p><strong>Nhi\u1ec7t \u0111\u1ed9: <\/strong>Nhi\u1ec7t \u0111\u1ed9 ngu\u1ed3n nhi\u1ec7t &lt;200\u00b0C<\/p>","protected":false},"featured_media":10396,"template":"","meta":{"site-sidebar-layout":"default","site-content-layout":"","ast-site-content-layout":"default","site-content-style":"default","site-sidebar-style":"default","ast-global-header-display":"","ast-banner-title-visibility":"","ast-main-header-display":"","ast-hfb-above-header-display":"","ast-hfb-below-header-display":"","ast-hfb-mobile-header-display":"","site-post-title":"","ast-breadcrumbs-content":"","ast-featured-img":"","footer-sml-layout":"","ast-disable-related-posts":"","theme-transparent-header-meta":"default","adv-header-id-meta":"","stick-header-meta":"","header-above-stick-meta":"","header-main-stick-meta":"","header-below-stick-meta":"","astra-migrate-meta-layouts":"set","ast-page-background-enabled":"default","ast-page-background-meta":{"desktop":{"background-color":"var(--ast-global-color-4)","background-image":"","background-repeat":"repeat","background-position":"center center","background-size":"auto","background-attachment":"scroll","background-type":"","background-media":"","overlay-type":"","overlay-color":"","overlay-opacity":"","overlay-gradient":""},"tablet":{"background-color":"","background-image":"","background-repeat":"repeat","background-position":"center center","background-size":"auto","background-attachment":"scroll","background-type":"","background-media":"","overlay-type":"","overlay-color":"","overlay-opacity":"","overlay-gradient":""},"mobile":{"background-color":"","background-image":"","background-repeat":"repeat","background-position":"center center","background-size":"auto","background-attachment":"scroll","background-type":"","background-media":"","overlay-type":"","overlay-color":"","overlay-opacity":"","overlay-gradient":""}},"ast-content-background-meta":{"desktop":{"background-color":"var(--ast-global-color-5)","background-image":"","background-repeat":"repeat","background-position":"center center","background-size":"auto","background-attachment":"scroll","background-type":"","background-media":"","overlay-type":"","overlay-color":"","overlay-opacity":"","overlay-gradient":""},"tablet":{"background-color":"var(--ast-global-color-5)","background-image":"","background-repeat":"repeat","background-position":"center center","background-size":"auto","background-attachment":"scroll","background-type":"","background-media":"","overlay-type":"","overlay-color":"","overlay-opacity":"","overlay-gradient":""},"mobile":{"background-color":"var(--ast-global-color-5)","background-image":"","background-repeat":"repeat","background-position":"center center","background-size":"auto","background-attachment":"scroll","background-type":"","background-media":"","overlay-type":"","overlay-color":"","overlay-opacity":"","overlay-gradient":""}},"_vp_format_video_url":"","_vp_image_focal_point":[]},"product_brand":[],"product_cat":[19],"product_tag":[],"class_list":{"0":"post-58","1":"product","2":"type-product","3":"status-publish","4":"has-post-thumbnail","6":"product_cat-conduction-and-vacuum-dryer","7":"pa_scale-mass-industrial-production","8":"pa_sectors-biologics","9":"pa_sectors-ceramics","10":"pa_sectors-cosmetics","11":"pa_sectors-dairy","12":"pa_sectors-extracts","13":"pa_sectors-fats-and-oils","14":"pa_sectors-foods","15":"pa_sectors-herbals","16":"pa_sectors-petroleum-and-petrochemicals","17":"pa_sectors-pharmaceuticals","18":"pa_sectors-spices-and-flavorings","19":"pa_technologies-batch-drying","20":"pa_technologies-conduction-drying","21":"pa_technologies-high-viscosity-materials-drying","22":"pa_technologies-low-temperature-drying","23":"pa_technologies-vacuum-drying","24":"desktop-align-left","25":"tablet-align-left","26":"mobile-align-left","28":"first","29":"instock","30":"shipping-taxable","31":"product-type-simple"},"_links":{"self":[{"href":"https:\/\/www.sinothermo.com\/vi\/wp-json\/wp\/v2\/product\/58","targetHints":{"allow":["GET"]}}],"collection":[{"href":"https:\/\/www.sinothermo.com\/vi\/wp-json\/wp\/v2\/product"}],"about":[{"href":"https:\/\/www.sinothermo.com\/vi\/wp-json\/wp\/v2\/types\/product"}],"version-history":[{"count":34,"href":"https:\/\/www.sinothermo.com\/vi\/wp-json\/wp\/v2\/product\/58\/revisions"}],"predecessor-version":[{"id":14583,"href":"https:\/\/www.sinothermo.com\/vi\/wp-json\/wp\/v2\/product\/58\/revisions\/14583"}],"wp:featuredmedia":[{"embeddable":true,"href":"https:\/\/www.sinothermo.com\/vi\/wp-json\/wp\/v2\/media\/10396"}],"wp:attachment":[{"href":"https:\/\/www.sinothermo.com\/vi\/wp-json\/wp\/v2\/media?parent=58"}],"wp:term":[{"taxonomy":"product_brand","embeddable":true,"href":"https:\/\/www.sinothermo.com\/vi\/wp-json\/wp\/v2\/product_brand?post=58"},{"taxonomy":"product_cat","embeddable":true,"href":"https:\/\/www.sinothermo.com\/vi\/wp-json\/wp\/v2\/product_cat?post=58"},{"taxonomy":"product_tag","embeddable":true,"href":"https:\/\/www.sinothermo.com\/vi\/wp-json\/wp\/v2\/product_tag?post=58"}],"curies":[{"name":"wp","href":"https:\/\/api.w.org\/{rel}","templated":true}]}}