{"id":62,"date":"2023-07-22T05:15:38","date_gmt":"2023-07-22T05:15:38","guid":{"rendered":"https:\/\/www.sinothermo.com\/?post_type=product&#038;p=62"},"modified":"2026-04-16T15:50:04","modified_gmt":"2026-04-16T07:50:04","slug":"vacuum-rake-dryer","status":"publish","type":"product","link":"https:\/\/www.sinothermo.com\/vi\/products\/vacuum-rake-dryer\/","title":{"rendered":"M\u00e1y s\u1ea5y c\u00e0o ch\u00e2n kh\u00f4ng ZPG"},"content":{"rendered":"\t\t<div data-elementor-type=\"product-post\" data-elementor-id=\"62\" class=\"elementor elementor-62\" data-elementor-post-type=\"product\">\n\t\t\t\t<div class=\"elementor-element elementor-element-6fef256 elementor-hidden-tablet elementor-hidden-mobile e-flex e-con-boxed elementor-invisible e-con e-parent\" data-id=\"6fef256\" data-element_type=\"container\" data-e-type=\"container\" data-settings=\"{&quot;background_background&quot;:&quot;classic&quot;,&quot;sticky&quot;:&quot;top&quot;,&quot;sticky_offset&quot;:85,&quot;animation&quot;:&quot;fadeInDown&quot;,&quot;sticky_on&quot;:[&quot;desktop&quot;,&quot;laptop&quot;,&quot;tablet&quot;,&quot;mobile&quot;],&quot;sticky_effects_offset&quot;:0,&quot;sticky_anchor_link_offset&quot;:0}\">\n\t\t\t\t\t<div class=\"e-con-inner\">\n\t\t\t\t<div class=\"elementor-element elementor-element-2b58702 elementor-icon-list--layout-inline elementor-list-item-link-full_width elementor-widget elementor-widget-icon-list\" data-id=\"2b58702\" data-element_type=\"widget\" data-e-type=\"widget\" data-widget_type=\"icon-list.default\">\n\t\t\t\t\t\t\t<ul class=\"elementor-icon-list-items elementor-inline-items\">\n\t\t\t\t\t\t\t<li class=\"elementor-icon-list-item elementor-inline-item\">\n\t\t\t\t\t\t\t\t\t\t\t<a href=\"#A\">\n\n\t\t\t\t\t\t\t\t\t\t\t<span class=\"elementor-icon-list-text\">Key Features<\/span>\n\t\t\t\t\t\t\t\t\t\t\t<\/a>\n\t\t\t\t\t\t\t\t\t<\/li>\n\t\t\t\t\t\t\t\t<li class=\"elementor-icon-list-item elementor-inline-item\">\n\t\t\t\t\t\t\t\t\t\t\t<a href=\"#C\">\n\n\t\t\t\t\t\t\t\t\t\t\t<span class=\"elementor-icon-list-text\">Applications<\/span>\n\t\t\t\t\t\t\t\t\t\t\t<\/a>\n\t\t\t\t\t\t\t\t\t<\/li>\n\t\t\t\t\t\t\t\t<li class=\"elementor-icon-list-item elementor-inline-item\">\n\t\t\t\t\t\t\t\t\t\t\t<a href=\"#D\">\n\n\t\t\t\t\t\t\t\t\t\t\t<span class=\"elementor-icon-list-text\">Services<\/span>\n\t\t\t\t\t\t\t\t\t\t\t<\/a>\n\t\t\t\t\t\t\t\t\t<\/li>\n\t\t\t\t\t\t\t\t<li class=\"elementor-icon-list-item elementor-inline-item\">\n\t\t\t\t\t\t\t\t\t\t\t<a href=\"#E\">\n\n\t\t\t\t\t\t\t\t\t\t\t<span class=\"elementor-icon-list-text\">Related Products<\/span>\n\t\t\t\t\t\t\t\t\t\t\t<\/a>\n\t\t\t\t\t\t\t\t\t<\/li>\n\t\t\t\t\t\t<\/ul>\n\t\t\t\t\t\t<\/div>\n\t\t\t\t\t<\/div>\n\t\t\t\t<\/div>\n\t\t<div class=\"elementor-element elementor-element-4d0e2aa e-con-full A e-flex e-con e-child\" data-id=\"4d0e2aa\" data-element_type=\"container\" data-e-type=\"container\" id=\"A\">\n\t\t<div class=\"elementor-element elementor-element-b0ef999 e-con-full e-flex e-con e-child\" data-id=\"b0ef999\" data-element_type=\"container\" data-e-type=\"container\">\n\t\t\t\t<div class=\"elementor-element elementor-element-01826d0 elementor-widget elementor-widget-heading\" data-id=\"01826d0\" data-element_type=\"widget\" data-e-type=\"widget\" data-widget_type=\"heading.default\">\n\t\t\t\t\t<h2 class=\"elementor-heading-title elementor-size-default\">Innovative Multifunctional Vacuum Rake Drying Expert\n<\/h2>\t\t\t\t<\/div>\n\t\t\t\t<div class=\"elementor-element elementor-element-86405d8 elementor-widget elementor-widget-text-editor\" data-id=\"86405d8\" data-element_type=\"widget\" data-e-type=\"widget\" data-widget_type=\"text-editor.default\">\n\t\t\t\t\t\t\t\t\t<p>The Rake Dryer utilizes a rake style mixing technique to dry various materials in a vacuum setting. This method is especially beneficial for materials to heat or oxidation allowing for quick drying at temperatures while maintaining material quality and purity. The rake design enhances drying effectiveness reduces drying time and decreases energy consumption providing users with a cost efficient drying option.<\/p>\t\t\t\t\t\t\t\t<\/div>\n\t\t\t\t<div class=\"elementor-element elementor-element-e50fd14 elementor-icon-list--layout-traditional elementor-list-item-link-full_width elementor-widget elementor-widget-icon-list\" data-id=\"e50fd14\" data-element_type=\"widget\" data-e-type=\"widget\" data-widget_type=\"icon-list.default\">\n\t\t\t\t\t\t\t<ul class=\"elementor-icon-list-items\">\n\t\t\t\t\t\t\t<li class=\"elementor-icon-list-item\">\n\t\t\t\t\t\t\t\t\t\t<span class=\"elementor-icon-list-text\">By incorporating rake style mixing the Rake Dryer ensures heating, throughout the materials.<\/span>\n\t\t\t\t\t\t\t\t\t<\/li>\n\t\t\t\t\t\t\t\t<li class=\"elementor-icon-list-item\">\n\t\t\t\t\t\t\t\t\t\t<span class=\"elementor-icon-list-text\">The Vacuum rake dryer excels in gentle drying at temperatures optimizing energy usage.<\/span>\n\t\t\t\t\t\t\t\t\t<\/li>\n\t\t\t\t\t\t\t\t<li class=\"elementor-icon-list-item\">\n\t\t\t\t\t\t\t\t\t\t<span class=\"elementor-icon-list-text\">It is perfectly suited for heat easily oxidizable materials safeguarding their integrity.<\/span>\n\t\t\t\t\t\t\t\t\t<\/li>\n\t\t\t\t\t\t\t\t<li class=\"elementor-icon-list-item\">\n\t\t\t\t\t\t\t\t\t\t<span class=\"elementor-icon-list-text\">This technology upholds the quality and purity of the materials delivering drying results.<\/span>\n\t\t\t\t\t\t\t\t\t<\/li>\n\t\t\t\t\t\t\t\t<li class=\"elementor-icon-list-item\">\n\t\t\t\t\t\t\t\t\t\t<span class=\"elementor-icon-list-text\">The dryer significantly boosts drying speed and operational efficiency.<\/span>\n\t\t\t\t\t\t\t\t\t<\/li>\n\t\t\t\t\t\t<\/ul>\n\t\t\t\t\t\t<\/div>\n\t\t\t\t<\/div>\n\t\t<div class=\"elementor-element elementor-element-a29d3d7 e-con-full e-flex e-con e-child\" data-id=\"a29d3d7\" data-element_type=\"container\" data-e-type=\"container\">\n\t\t\t\t<div class=\"elementor-element elementor-element-ce45144 elementor-widget elementor-widget-image\" data-id=\"ce45144\" data-element_type=\"widget\" data-e-type=\"widget\" data-widget_type=\"image.default\">\n\t\t\t\t\t\t\t\t\t\t\t\t\t\t\t<img fetchpriority=\"high\" decoding=\"async\" width=\"937\" height=\"1024\" src=\"https:\/\/www.sinothermo.com\/wp-content\/uploads\/2025\/03\/rake-dryer-1-937x1024.webp\" class=\"attachment-large size-large wp-image-11201\" alt=\"\" srcset=\"https:\/\/www.sinothermo.com\/wp-content\/uploads\/2025\/03\/rake-dryer-1-937x1024.webp 937w, https:\/\/www.sinothermo.com\/wp-content\/uploads\/2025\/03\/rake-dryer-1-275x300.webp 275w, https:\/\/www.sinothermo.com\/wp-content\/uploads\/2025\/03\/rake-dryer-1-768x839.webp 768w, https:\/\/www.sinothermo.com\/wp-content\/uploads\/2025\/03\/rake-dryer-1-11x12.webp 11w, https:\/\/www.sinothermo.com\/wp-content\/uploads\/2025\/03\/rake-dryer-1-500x546.webp 500w, https:\/\/www.sinothermo.com\/wp-content\/uploads\/2025\/03\/rake-dryer-1-800x874.webp 800w, https:\/\/www.sinothermo.com\/wp-content\/uploads\/2025\/03\/rake-dryer-1-600x656.webp 600w, https:\/\/www.sinothermo.com\/wp-content\/uploads\/2025\/03\/rake-dryer-1.webp 959w\" sizes=\"(max-width: 937px) 100vw, 937px\" \/>\t\t\t\t\t\t\t\t\t\t\t\t\t\t\t<\/div>\n\t\t\t\t<\/div>\n\t\t\t\t<\/div>\n\t\t<div class=\"elementor-element elementor-element-5423774 e-con-full C e-flex e-con e-child\" data-id=\"5423774\" data-element_type=\"container\" data-e-type=\"container\" id=\"C\">\n\t\t\t\t<div class=\"elementor-element elementor-element-8712403 elementor-widget elementor-widget-heading\" data-id=\"8712403\" data-element_type=\"widget\" data-e-type=\"widget\" data-widget_type=\"heading.default\">\n\t\t\t\t\t<h2 class=\"elementor-heading-title elementor-size-default\">Applications\n<\/h2>\t\t\t\t<\/div>\n\t\t\t\t<div class=\"elementor-element elementor-element-482affb elementor-pagination-type-bullets elementor-arrows-position-inside elementor-pagination-position-outside elementor-widget elementor-widget-n-carousel\" data-id=\"482affb\" data-element_type=\"widget\" data-e-type=\"widget\" data-settings=\"{&quot;carousel_items&quot;:[{&quot;slide_title&quot;:&quot;Slide #1&quot;,&quot;_id&quot;:&quot;42f826d&quot;},{&quot;slide_title&quot;:&quot;Slide #2&quot;,&quot;_id&quot;:&quot;022f8f2&quot;},{&quot;slide_title&quot;:&quot;Slide #3&quot;,&quot;_id&quot;:&quot;9a209e3&quot;},{&quot;slide_title&quot;:&quot;Slide #4&quot;,&quot;_id&quot;:&quot;978beda&quot;},{&quot;slide_title&quot;:&quot;Slide #5&quot;,&quot;_id&quot;:&quot;74928db&quot;}],&quot;slides_to_show&quot;:&quot;4&quot;,&quot;slides_to_scroll&quot;:&quot;1&quot;,&quot;autoplay_speed&quot;:4000,&quot;image_spacing_custom&quot;:{&quot;unit&quot;:&quot;px&quot;,&quot;size&quot;:0,&quot;sizes&quot;:[]},&quot;slides_to_show_laptop&quot;:&quot;3&quot;,&quot;slides_to_scroll_laptop&quot;:&quot;1&quot;,&quot;slides_to_show_tablet&quot;:&quot;2&quot;,&quot;slides_to_show_mobile&quot;:&quot;1&quot;,&quot;autoplay&quot;:&quot;yes&quot;,&quot;pause_on_hover&quot;:&quot;yes&quot;,&quot;pause_on_interaction&quot;:&quot;yes&quot;,&quot;infinite&quot;:&quot;yes&quot;,&quot;speed&quot;:500,&quot;offset_sides&quot;:&quot;none&quot;,&quot;arrows&quot;:&quot;yes&quot;,&quot;pagination&quot;:&quot;bullets&quot;,&quot;image_spacing_custom_laptop&quot;:{&quot;unit&quot;:&quot;px&quot;,&quot;size&quot;:&quot;&quot;,&quot;sizes&quot;:[]},&quot;image_spacing_custom_tablet&quot;:{&quot;unit&quot;:&quot;px&quot;,&quot;size&quot;:&quot;&quot;,&quot;sizes&quot;:[]},&quot;image_spacing_custom_mobile&quot;:{&quot;unit&quot;:&quot;px&quot;,&quot;size&quot;:&quot;&quot;,&quot;sizes&quot;:[]}}\" data-widget_type=\"nested-carousel.default\">\n\t\t\t\t\t\t\t<div class=\"e-n-carousel swiper\" role=\"region\" aria-roledescription=\"carousel\" aria-label=\"Carousel\" dir=\"ltr\">\n\t\t\t<div class=\"swiper-wrapper\" aria-live=\"off\">\n\t\t\t\t\t\t\t\t\t\t<div class=\"swiper-slide\" data-slide=\"1\" role=\"group\" aria-roledescription=\"slide\" aria-label=\"1 von 5\">\n\t\t\t\t\t\t\t<div class=\"elementor-element elementor-element-2c50c06 e-flex e-con-boxed e-con e-child\" data-id=\"2c50c06\" data-element_type=\"container\" data-e-type=\"container\">\n\t\t\t\t\t<div class=\"e-con-inner\">\n\t\t\t\t<div class=\"elementor-element elementor-element-b87511a elementor-widget elementor-widget-image\" data-id=\"b87511a\" data-element_type=\"widget\" data-e-type=\"widget\" data-widget_type=\"image.default\">\n\t\t\t\t\t\t\t\t\t\t\t\t\t\t\t<img decoding=\"async\" width=\"400\" height=\"300\" src=\"https:\/\/www.sinothermo.com\/wp-content\/uploads\/2024\/06\/Pharmaceutical.webp\" class=\"attachment-full size-full wp-image-13497\" alt=\"\" srcset=\"https:\/\/www.sinothermo.com\/wp-content\/uploads\/2024\/06\/Pharmaceutical.webp 400w, https:\/\/www.sinothermo.com\/wp-content\/uploads\/2024\/06\/Pharmaceutical-300x225.webp 300w, https:\/\/www.sinothermo.com\/wp-content\/uploads\/2024\/06\/Pharmaceutical-16x12.webp 16w\" sizes=\"(max-width: 400px) 100vw, 400px\" \/>\t\t\t\t\t\t\t\t\t\t\t\t\t\t\t<\/div>\n\t\t\t\t<div class=\"elementor-element elementor-element-f6fe387 elementor-widget elementor-widget-heading\" data-id=\"f6fe387\" data-element_type=\"widget\" data-e-type=\"widget\" data-widget_type=\"heading.default\">\n\t\t\t\t\t<h2 class=\"elementor-heading-title elementor-size-default\">Pharmaceutical<\/h2>\t\t\t\t<\/div>\n\t\t\t\t<div class=\"elementor-element elementor-element-ed74345 elementor-widget elementor-widget-text-editor\" data-id=\"ed74345\" data-element_type=\"widget\" data-e-type=\"widget\" data-widget_type=\"text-editor.default\">\n\t\t\t\t\t\t\t\t\t<p>The Rake Dryer is perfect for drying materials and active components while preserving their effectiveness and stability.<\/p>\t\t\t\t\t\t\t\t<\/div>\n\t\t\t\t\t<\/div>\n\t\t\t\t<\/div>\n\t\t\t\t\t\t\t\t<\/div>\n\t\t\t\t\t\t\t\t\t\t\t<div class=\"swiper-slide\" data-slide=\"2\" role=\"group\" aria-roledescription=\"slide\" aria-label=\"2 von 5\">\n\t\t\t\t\t\t\t<div class=\"elementor-element elementor-element-ebd329a e-flex e-con-boxed e-con e-child\" data-id=\"ebd329a\" data-element_type=\"container\" data-e-type=\"container\">\n\t\t\t\t\t<div class=\"e-con-inner\">\n\t\t\t\t<div class=\"elementor-element elementor-element-2bf3f95 elementor-widget elementor-widget-image\" data-id=\"2bf3f95\" data-element_type=\"widget\" data-e-type=\"widget\" data-widget_type=\"image.default\">\n\t\t\t\t\t\t\t\t\t\t\t\t\t\t\t<img decoding=\"async\" width=\"400\" height=\"300\" src=\"https:\/\/www.sinothermo.com\/wp-content\/uploads\/2025\/12\/dried-fruits.webp\" class=\"attachment-full size-full wp-image-13511\" alt=\"\" srcset=\"https:\/\/www.sinothermo.com\/wp-content\/uploads\/2025\/12\/dried-fruits.webp 400w, https:\/\/www.sinothermo.com\/wp-content\/uploads\/2025\/12\/dried-fruits-300x225.webp 300w, https:\/\/www.sinothermo.com\/wp-content\/uploads\/2025\/12\/dried-fruits-16x12.webp 16w\" sizes=\"(max-width: 400px) 100vw, 400px\" \/>\t\t\t\t\t\t\t\t\t\t\t\t\t\t\t<\/div>\n\t\t\t\t<div class=\"elementor-element elementor-element-df8c2b4 elementor-widget elementor-widget-heading\" data-id=\"df8c2b4\" data-element_type=\"widget\" data-e-type=\"widget\" data-widget_type=\"heading.default\">\n\t\t\t\t\t<h2 class=\"elementor-heading-title elementor-size-default\">Food <\/h2>\t\t\t\t<\/div>\n\t\t\t\t<div class=\"elementor-element elementor-element-474c96d elementor-widget elementor-widget-text-editor\" data-id=\"474c96d\" data-element_type=\"widget\" data-e-type=\"widget\" data-widget_type=\"text-editor.default\">\n\t\t\t\t\t\t\t\t\t<p>Using the vacuum rake dryer for food ingredients and additives helps maintain their value and flavor.<\/p>\t\t\t\t\t\t\t\t<\/div>\n\t\t\t\t\t<\/div>\n\t\t\t\t<\/div>\n\t\t\t\t\t\t\t\t<\/div>\n\t\t\t\t\t\t\t\t\t\t\t<div class=\"swiper-slide\" data-slide=\"3\" role=\"group\" aria-roledescription=\"slide\" aria-label=\"3 von 5\">\n\t\t\t\t\t\t\t<div class=\"elementor-element elementor-element-15e5edc e-flex e-con-boxed e-con e-child\" data-id=\"15e5edc\" data-element_type=\"container\" data-e-type=\"container\">\n\t\t\t\t\t<div class=\"e-con-inner\">\n\t\t\t\t<div class=\"elementor-element elementor-element-7c5066d elementor-widget elementor-widget-image\" data-id=\"7c5066d\" data-element_type=\"widget\" data-e-type=\"widget\" data-widget_type=\"image.default\">\n\t\t\t\t\t\t\t\t\t\t\t\t\t\t\t<img loading=\"lazy\" decoding=\"async\" width=\"400\" height=\"300\" src=\"https:\/\/www.sinothermo.com\/wp-content\/uploads\/2024\/06\/Biotechnology.webp\" class=\"attachment-full size-full wp-image-13522\" alt=\"Biotechnology\" srcset=\"https:\/\/www.sinothermo.com\/wp-content\/uploads\/2024\/06\/Biotechnology.webp 400w, https:\/\/www.sinothermo.com\/wp-content\/uploads\/2024\/06\/Biotechnology-300x225.webp 300w, https:\/\/www.sinothermo.com\/wp-content\/uploads\/2024\/06\/Biotechnology-16x12.webp 16w\" sizes=\"(max-width: 400px) 100vw, 400px\" \/>\t\t\t\t\t\t\t\t\t\t\t\t\t\t\t<\/div>\n\t\t\t\t<div class=\"elementor-element elementor-element-e5d2fd0 elementor-widget elementor-widget-heading\" data-id=\"e5d2fd0\" data-element_type=\"widget\" data-e-type=\"widget\" data-widget_type=\"heading.default\">\n\t\t\t\t\t<h2 class=\"elementor-heading-title elementor-size-default\">Biotechnology<\/h2>\t\t\t\t<\/div>\n\t\t\t\t<div class=\"elementor-element elementor-element-9095d73 elementor-widget elementor-widget-text-editor\" data-id=\"9095d73\" data-element_type=\"widget\" data-e-type=\"widget\" data-widget_type=\"text-editor.default\">\n\t\t\t\t\t\t\t\t\t<p>For substances, like enzymes and cell cultures it offers a gentle yet effective drying process.<\/p>\t\t\t\t\t\t\t\t<\/div>\n\t\t\t\t\t<\/div>\n\t\t\t\t<\/div>\n\t\t\t\t\t\t\t\t<\/div>\n\t\t\t\t\t\t\t\t\t\t\t<div class=\"swiper-slide\" data-slide=\"4\" role=\"group\" aria-roledescription=\"slide\" aria-label=\"4 von 5\">\n\t\t\t\t\t\t\t<div class=\"elementor-element elementor-element-5c6d0b5 e-flex e-con-boxed e-con e-child\" data-id=\"5c6d0b5\" data-element_type=\"container\" data-e-type=\"container\">\n\t\t\t\t\t<div class=\"e-con-inner\">\n\t\t\t\t<div class=\"elementor-element elementor-element-f28b275 elementor-widget elementor-widget-image\" data-id=\"f28b275\" data-element_type=\"widget\" data-e-type=\"widget\" data-widget_type=\"image.default\">\n\t\t\t\t\t\t\t\t\t\t\t\t\t\t\t<img loading=\"lazy\" decoding=\"async\" width=\"400\" height=\"300\" src=\"https:\/\/www.sinothermo.com\/wp-content\/uploads\/2024\/06\/Environment.webp\" class=\"attachment-full size-full wp-image-13505\" alt=\"\" srcset=\"https:\/\/www.sinothermo.com\/wp-content\/uploads\/2024\/06\/Environment.webp 400w, https:\/\/www.sinothermo.com\/wp-content\/uploads\/2024\/06\/Environment-300x225.webp 300w, https:\/\/www.sinothermo.com\/wp-content\/uploads\/2024\/06\/Environment-16x12.webp 16w\" sizes=\"(max-width: 400px) 100vw, 400px\" \/>\t\t\t\t\t\t\t\t\t\t\t\t\t\t\t<\/div>\n\t\t\t\t<div class=\"elementor-element elementor-element-2e660c5 elementor-widget elementor-widget-heading\" data-id=\"2e660c5\" data-element_type=\"widget\" data-e-type=\"widget\" data-widget_type=\"heading.default\">\n\t\t\t\t\t<h2 class=\"elementor-heading-title elementor-size-default\">Environment<\/h2>\t\t\t\t<\/div>\n\t\t\t\t<div class=\"elementor-element elementor-element-b4dbf90 elementor-widget elementor-widget-text-editor\" data-id=\"b4dbf90\" data-element_type=\"widget\" data-e-type=\"widget\" data-widget_type=\"text-editor.default\">\n\t\t\t\t\t\t\t\t\t<p>Employing the Rake Dryer to dry waste and environmental materials greatly enhances waste treatment efficiency.<\/p>\t\t\t\t\t\t\t\t<\/div>\n\t\t\t\t\t<\/div>\n\t\t\t\t<\/div>\n\t\t\t\t\t\t\t\t<\/div>\n\t\t\t\t\t\t\t\t\t\t\t<div class=\"swiper-slide\" data-slide=\"5\" role=\"group\" aria-roledescription=\"slide\" aria-label=\"5 von 5\">\n\t\t\t\t\t\t\t<div class=\"elementor-element elementor-element-7247004 e-flex e-con-boxed e-con e-child\" data-id=\"7247004\" data-element_type=\"container\" data-e-type=\"container\">\n\t\t\t\t\t<div class=\"e-con-inner\">\n\t\t\t\t<div class=\"elementor-element elementor-element-5f2c2ce elementor-widget elementor-widget-image\" data-id=\"5f2c2ce\" data-element_type=\"widget\" data-e-type=\"widget\" data-widget_type=\"image.default\">\n\t\t\t\t\t\t\t\t\t\t\t\t\t\t\t<img loading=\"lazy\" decoding=\"async\" width=\"400\" height=\"300\" src=\"https:\/\/www.sinothermo.com\/wp-content\/uploads\/2024\/06\/Agriculture-1.webp\" class=\"attachment-full size-full wp-image-13500\" alt=\"\" srcset=\"https:\/\/www.sinothermo.com\/wp-content\/uploads\/2024\/06\/Agriculture-1.webp 400w, https:\/\/www.sinothermo.com\/wp-content\/uploads\/2024\/06\/Agriculture-1-300x225.webp 300w, https:\/\/www.sinothermo.com\/wp-content\/uploads\/2024\/06\/Agriculture-1-16x12.webp 16w\" sizes=\"(max-width: 400px) 100vw, 400px\" \/>\t\t\t\t\t\t\t\t\t\t\t\t\t\t\t<\/div>\n\t\t\t\t<div class=\"elementor-element elementor-element-f639be6 elementor-widget elementor-widget-heading\" data-id=\"f639be6\" data-element_type=\"widget\" data-e-type=\"widget\" data-widget_type=\"heading.default\">\n\t\t\t\t\t<h2 class=\"elementor-heading-title elementor-size-default\">Agriculture\u00a0<\/h2>\t\t\t\t<\/div>\n\t\t\t\t<div class=\"elementor-element elementor-element-97fffa0 elementor-widget elementor-widget-text-editor\" data-id=\"97fffa0\" data-element_type=\"widget\" data-e-type=\"widget\" data-widget_type=\"text-editor.default\">\n\t\t\t\t\t\t\t\t\t<p>The dryer is especially useful, for drying crops and agricultural by products which helps improve their longevity and quality.<\/p>\t\t\t\t\t\t\t\t<\/div>\n\t\t\t\t\t<\/div>\n\t\t\t\t<\/div>\n\t\t\t\t\t\t\t\t<\/div>\n\t\t\t\t\t\t\t\t<\/div>\n\t\t<\/div>\n\t\t\t\t\t<div class=\"elementor-swiper-button elementor-swiper-button-prev\" role=\"button\" tabindex=\"0\" aria-label=\"Vorherige\">\n\t\t\t\t<svg aria-hidden=\"true\" class=\"e-font-icon-svg e-eicon-chevron-left\" viewBox=\"0 0 1000 1000\" xmlns=\"http:\/\/www.w3.org\/2000\/svg\"><path d=\"M646 125C629 125 613 133 604 142L308 442C296 454 292 471 292 487 292 504 296 521 308 533L604 854C617 867 629 875 646 875 663 875 679 871 692 858 704 846 713 829 713 812 713 796 708 779 692 767L438 487 692 225C700 217 708 204 708 187 708 171 704 154 692 142 675 129 663 125 646 125Z\"><\/path><\/svg>\t\t\t<\/div>\n\t\t\t<div class=\"elementor-swiper-button elementor-swiper-button-next\" role=\"button\" tabindex=\"0\" aria-label=\"Weiter\">\n\t\t\t\t<svg aria-hidden=\"true\" class=\"e-font-icon-svg e-eicon-chevron-right\" viewBox=\"0 0 1000 1000\" xmlns=\"http:\/\/www.w3.org\/2000\/svg\"><path d=\"M696 533C708 521 713 504 713 487 713 471 708 454 696 446L400 146C388 133 375 125 354 125 338 125 325 129 313 142 300 154 292 171 292 187 292 204 296 221 308 233L563 492 304 771C292 783 288 800 288 817 288 833 296 850 308 863 321 871 338 875 354 875 371 875 388 867 400 854L696 533Z\"><\/path><\/svg>\t\t\t<\/div>\n\t\t\t\t\t<div class=\"swiper-pagination\"><\/div>\n\t\t\t\t\t\t<\/div>\n\t\t\t\t<\/div>\n\t\t\t\t<\/div>\n\t\t","protected":false},"excerpt":{"rendered":"<p><strong>M\u00e1y s\u1ea5y ch\u00e2n kh\u00f4ng d\u1eabn nhi\u1ec7t Rake Agitator:<\/strong><br \/>\nM\u00e1y s\u1ea5y c\u00e0o c\u00f3 h\u1ec7 th\u1ed1ng gia nhi\u1ec7t \u00e1o kho\u00e1c di\u1ec7n t\u00edch l\u1edbn v\u00e0 m\u00e1y khu\u1ea5y c\u00e0o gi\u00fap t\u0103ng di\u1ec7n t\u00edch b\u1ec1 m\u1eb7t gia nhi\u1ec7t gi\u00fap di chuy\u1ec3n v\u00e0 gia nhi\u1ec7t v\u1eadt li\u1ec7u d\u1ec5 d\u00e0ng h\u01a1n. M\u00e1y c\u00f3 th\u1ec3 ho\u1ea1t \u0111\u1ed9ng \u1edf nhi\u1ec7t \u0111\u1ed9 trong \u0111i\u1ec1u ki\u1ec7n ch\u00e2n kh\u00f4ng, ho\u00e0n h\u1ea3o \u0111\u1ec3 x\u1eed l\u00fd v\u1eadt li\u1ec7u d\u1ec5 ch\u00e1y, dung m\u00f4i h\u1eefu c\u01a1 v\u00e0 nh\u1ea1y nhi\u1ec7t.<\/p>\n<p><strong>\u0110\u1ea7u v\u00e0o: <\/strong>Ch\u1ea5t l\u1ecfng, B\u00f9n, B\u1ed9t nh\u00e3o, Nghi\u1ec1n<\/p>\n<p><strong>\u0110\u1ea7u ra: <\/strong>B\u1ed9t c\u00f3 \u0111\u1ed9 \u1ea9m 3%-10%<\/p>\n<p><strong>Nhi\u1ec7t \u0111\u1ed9: <\/strong>Ph\u1ea1m vi nhi\u1ec7t \u0111\u1ed9 ngu\u1ed3n nhi\u1ec7t t\u1eeb 50\u00b0C \u0111\u1ebfn 200\u00b0C<\/p>\n<p><strong>T\u00ednh n\u0103ng b\u1ed5 sung: <\/strong>Khu\u1ea5y, nghi\u1ec1n nh\u1eb9<\/p>","protected":false},"featured_media":10394,"template":"","meta":{"site-sidebar-layout":"default","site-content-layout":"","ast-site-content-layout":"default","site-content-style":"default","site-sidebar-style":"default","ast-global-header-display":"","ast-banner-title-visibility":"","ast-main-header-display":"","ast-hfb-above-header-display":"","ast-hfb-below-header-display":"","ast-hfb-mobile-header-display":"","site-post-title":"","ast-breadcrumbs-content":"","ast-featured-img":"","footer-sml-layout":"","ast-disable-related-posts":"","theme-transparent-header-meta":"default","adv-header-id-meta":"","stick-header-meta":"","header-above-stick-meta":"","header-main-stick-meta":"","header-below-stick-meta":"","astra-migrate-meta-layouts":"set","ast-page-background-enabled":"default","ast-page-background-meta":{"desktop":{"background-color":"var(--ast-global-color-4)","background-image":"","background-repeat":"repeat","background-position":"center center","background-size":"auto","background-attachment":"scroll","background-type":"","background-media":"","overlay-type":"","overlay-color":"","overlay-opacity":"","overlay-gradient":""},"tablet":{"background-color":"","background-image":"","background-repeat":"repeat","background-position":"center center","background-size":"auto","background-attachment":"scroll","background-type":"","background-media":"","overlay-type":"","overlay-color":"","overlay-opacity":"","overlay-gradient":""},"mobile":{"background-color":"","background-image":"","background-repeat":"repeat","background-position":"center center","background-size":"auto","background-attachment":"scroll","background-type":"","background-media":"","overlay-type":"","overlay-color":"","overlay-opacity":"","overlay-gradient":""}},"ast-content-background-meta":{"desktop":{"background-color":"var(--ast-global-color-5)","background-image":"","background-repeat":"repeat","background-position":"center center","background-size":"auto","background-attachment":"scroll","background-type":"","background-media":"","overlay-type":"","overlay-color":"","overlay-opacity":"","overlay-gradient":""},"tablet":{"background-color":"var(--ast-global-color-5)","background-image":"","background-repeat":"repeat","background-position":"center center","background-size":"auto","background-attachment":"scroll","background-type":"","background-media":"","overlay-type":"","overlay-color":"","overlay-opacity":"","overlay-gradient":""},"mobile":{"background-color":"var(--ast-global-color-5)","background-image":"","background-repeat":"repeat","background-position":"center center","background-size":"auto","background-attachment":"scroll","background-type":"","background-media":"","overlay-type":"","overlay-color":"","overlay-opacity":"","overlay-gradient":""}},"_vp_format_video_url":"","_vp_image_focal_point":[]},"product_brand":[],"product_cat":[19],"product_tag":[],"class_list":{"0":"post-62","1":"product","2":"type-product","3":"status-publish","4":"has-post-thumbnail","6":"product_cat-conduction-and-vacuum-dryer","7":"pa_scale-mass-industrial-production","8":"pa_sectors-biologics","9":"pa_sectors-chemicals","10":"pa_sectors-cosmetics","11":"pa_sectors-dairy","12":"pa_sectors-extracts","13":"pa_sectors-fats-and-oils","14":"pa_sectors-foods","15":"pa_sectors-herbals","16":"pa_sectors-petroleum-and-petrochemicals","17":"pa_sectors-pharmaceuticals","18":"pa_sectors-sludge","19":"pa_sectors-spices-and-flavorings","20":"pa_technologies-batch-drying","21":"pa_technologies-conduction-drying","22":"pa_technologies-high-viscosity-materials-drying","23":"pa_technologies-low-temperature-drying","24":"pa_technologies-vacuum-drying","25":"desktop-align-left","26":"tablet-align-left","27":"mobile-align-left","29":"first","30":"instock","31":"shipping-taxable","32":"product-type-simple"},"_links":{"self":[{"href":"https:\/\/www.sinothermo.com\/vi\/wp-json\/wp\/v2\/product\/62","targetHints":{"allow":["GET"]}}],"collection":[{"href":"https:\/\/www.sinothermo.com\/vi\/wp-json\/wp\/v2\/product"}],"about":[{"href":"https:\/\/www.sinothermo.com\/vi\/wp-json\/wp\/v2\/types\/product"}],"version-history":[{"count":45,"href":"https:\/\/www.sinothermo.com\/vi\/wp-json\/wp\/v2\/product\/62\/revisions"}],"predecessor-version":[{"id":15225,"href":"https:\/\/www.sinothermo.com\/vi\/wp-json\/wp\/v2\/product\/62\/revisions\/15225"}],"wp:featuredmedia":[{"embeddable":true,"href":"https:\/\/www.sinothermo.com\/vi\/wp-json\/wp\/v2\/media\/10394"}],"wp:attachment":[{"href":"https:\/\/www.sinothermo.com\/vi\/wp-json\/wp\/v2\/media?parent=62"}],"wp:term":[{"taxonomy":"product_brand","embeddable":true,"href":"https:\/\/www.sinothermo.com\/vi\/wp-json\/wp\/v2\/product_brand?post=62"},{"taxonomy":"product_cat","embeddable":true,"href":"https:\/\/www.sinothermo.com\/vi\/wp-json\/wp\/v2\/product_cat?post=62"},{"taxonomy":"product_tag","embeddable":true,"href":"https:\/\/www.sinothermo.com\/vi\/wp-json\/wp\/v2\/product_tag?post=62"}],"curies":[{"name":"wp","href":"https:\/\/api.w.org\/{rel}","templated":true}]}}